{"id":11419,"date":"2016-12-05T16:29:56","date_gmt":"2016-12-05T16:29:56","guid":{"rendered":"https:\/\/nex.vamtam.com\/?page_id=11419"},"modified":"2025-02-21T04:06:28","modified_gmt":"2025-02-21T03:06:28","slug":"home","status":"publish","type":"page","link":"https:\/\/ecoglobal.ba\/bs\/","title":{"rendered":"Home"},"content":{"rendered":"<div class=\"vgblk-rw-wrapper limit-wrapper\">\n\n\t\t\t\t\t\t\t<img loading=\"lazy\" decoding=\"async\" src=\"https:\/\/ecoglobal.ba\/wp-content\/uploads\/2024\/02\/1-1-150x150.png\" alt=\"1\" itemprop=\"image\" height=\"150\" width=\"150\" title=\"1\" onerror=\"this.style.display='none'\"  sizes=\"auto, (max-width: 768px) 100vw, 100vw\" srcset=\"https:\/\/ecoglobal.ba\/wp-content\/uploads\/2024\/02\/1-1-150x150.png 150w, https:\/\/ecoglobal.ba\/wp-content\/uploads\/2024\/02\/1-1-300x300.png 300w, https:\/\/ecoglobal.ba\/wp-content\/uploads\/2024\/02\/1-1-768x768.png 768w, https:\/\/ecoglobal.ba\/wp-content\/uploads\/2024\/02\/1-1-12x12.png 12w, https:\/\/ecoglobal.ba\/wp-content\/uploads\/2024\/02\/1-1-630x630.png 630w, https:\/\/ecoglobal.ba\/wp-content\/uploads\/2024\/02\/1-1-420x420.png 420w, https:\/\/ecoglobal.ba\/wp-content\/uploads\/2024\/02\/1-1-840x840.png 840w, https:\/\/ecoglobal.ba\/wp-content\/uploads\/2024\/02\/1-1-315x315.png 315w, https:\/\/ecoglobal.ba\/wp-content\/uploads\/2024\/02\/1-1.png 898w\" \/>\t\t\t\t\t\t\t\n<h3>\n\t\t\t<a href=\"\/nase-usluge\" title=\"CNC GLODANJE\" target=\"_self\">\n\tCNC GLODANJE\n\t\t\t<\/a>\n\t<\/h3>\n\t<p>Izradu va\u0161ih dijelova, pozicija ili proizvoda vr\u0161imo na novim ma\u0161inama sa kvalitetnim prate\u0107im alatima, \u0161to nam omogu\u0107ava ne samo da izra\u0111ujemo \u0161irok spektar razli\u010ditih metalnih proizvoda, nego da ih izra\u0111ujemo i u veoma uskim tolerancijama.<\/p>\n\t\t\t\t\t\t\t<img loading=\"lazy\" decoding=\"async\" src=\"https:\/\/ecoglobal.ba\/wp-content\/uploads\/2024\/02\/2-1-150x150.png\" alt=\"2\" itemprop=\"image\" height=\"150\" width=\"150\" title=\"2\" onerror=\"this.style.display='none'\"  sizes=\"auto, (max-width: 768px) 100vw, 100vw\" srcset=\"https:\/\/ecoglobal.ba\/wp-content\/uploads\/2024\/02\/2-1-150x150.png 150w, https:\/\/ecoglobal.ba\/wp-content\/uploads\/2024\/02\/2-1-300x300.png 300w, https:\/\/ecoglobal.ba\/wp-content\/uploads\/2024\/02\/2-1-768x768.png 768w, https:\/\/ecoglobal.ba\/wp-content\/uploads\/2024\/02\/2-1-12x12.png 12w, https:\/\/ecoglobal.ba\/wp-content\/uploads\/2024\/02\/2-1-630x630.png 630w, https:\/\/ecoglobal.ba\/wp-content\/uploads\/2024\/02\/2-1-420x420.png 420w, https:\/\/ecoglobal.ba\/wp-content\/uploads\/2024\/02\/2-1-840x840.png 840w, https:\/\/ecoglobal.ba\/wp-content\/uploads\/2024\/02\/2-1-315x315.png 315w, https:\/\/ecoglobal.ba\/wp-content\/uploads\/2024\/02\/2-1.png 898w\" \/>\t\t\t\t\t\t\t\n<h3>\n\t\t\t<a href=\"\/nase-usluge\" title=\"CNC TOKARENJE\" target=\"_self\">\n\tCNC TOKARENJE\n\t\t\t<\/a>\n\t<\/h3>\n\t<p>Za proizvode prikladne izradi na tokarskom stroju, bili oni u jedini\u010dnoj ili serijskoj proizvodnji, koristimo kompjuterski upravljane strugove nove generacije, gdje je mogu\u0107e dobijanje kompleksnih povr\u0161ina te postizanje visokog kvaliteta obrade.<\/p>\n\t\t\t\t\t\t\t<img loading=\"lazy\" decoding=\"async\" src=\"https:\/\/ecoglobal.ba\/wp-content\/uploads\/2024\/02\/3-1-150x150.png\" alt=\"3\" itemprop=\"image\" height=\"150\" width=\"150\" title=\"3\" onerror=\"this.style.display='none'\"  sizes=\"auto, (max-width: 768px) 100vw, 100vw\" srcset=\"https:\/\/ecoglobal.ba\/wp-content\/uploads\/2024\/02\/3-1-150x150.png 150w, https:\/\/ecoglobal.ba\/wp-content\/uploads\/2024\/02\/3-1-300x300.png 300w, https:\/\/ecoglobal.ba\/wp-content\/uploads\/2024\/02\/3-1-768x768.png 768w, https:\/\/ecoglobal.ba\/wp-content\/uploads\/2024\/02\/3-1-12x12.png 12w, https:\/\/ecoglobal.ba\/wp-content\/uploads\/2024\/02\/3-1-630x630.png 630w, https:\/\/ecoglobal.ba\/wp-content\/uploads\/2024\/02\/3-1-420x420.png 420w, https:\/\/ecoglobal.ba\/wp-content\/uploads\/2024\/02\/3-1-840x840.png 840w, https:\/\/ecoglobal.ba\/wp-content\/uploads\/2024\/02\/3-1-315x315.png 315w, https:\/\/ecoglobal.ba\/wp-content\/uploads\/2024\/02\/3-1.png 898w\" \/>\t\t\t\t\t\t\t\n<h3>\n\t\t\t<a href=\"\/nase-usluge\" title=\"CAD\/CAM PROJEKTOVANJE\" target=\"_self\">\n\tCAD\/CAM PROJEKTOVANJE\n\t\t\t<\/a>\n\t<\/h3>\n\t<p>Svi na\u0161i projekti pro\u0111u put od dizajna, preko 3D modela, do G-koda dobijenog iz CAM softvera. Zbog kvaliteta ma\u0161ina, te na\u0161eg iskustva u modeliranju kompleksnih povr\u0161ina, mo\u017eemo izraditi gotovo bilo koji va\u0161 proizvod.<\/p>\n<h5>\n\tECOGLOBAL\n\t<\/h5>\n\t<h2>Kvalitet, preciznost<br \/>\n<strong>inovativna rje\u0161enja.<\/strong><\/h2>\n\t<p>Na\u0161a misija je da unaprijedimo va\u0161e poslovanje kroz inovativne procese obrade metala, istovremeno \u010duvaju\u0107i visoke standarde odr\u017eivosti. Na\u0161 tim stru\u010dnjaka, sa bogatim iskustvom u industriji, posve\u0107en je pru\u017eanju personaliziranih rje\u0161enja koja odgovaraju specifi\u010dnim potrebama svakog klijenta.<\/p>\n<p> Jutarnja slava brzo raste, pogodna je za penjanje i cvjeta ljeti. <\/p>\n<p>Direktor: Miodrag Todorovi\u0107<\/p>\n\t\t\t\t\t\t\t<img loading=\"lazy\" decoding=\"async\" src=\"https:\/\/ecoglobal.ba\/wp-content\/uploads\/2024\/04\/signature-1.png\" alt=\"signature (1)\" itemprop=\"image\" height=\"54\" width=\"250\" title=\"signature (1)\" onerror=\"this.style.display='none'\"  sizes=\"auto, (max-width: 768px) 100vw, 100vw\" srcset=\"https:\/\/ecoglobal.ba\/wp-content\/uploads\/2024\/04\/signature-1.png 250w, https:\/\/ecoglobal.ba\/wp-content\/uploads\/2024\/04\/signature-1-18x4.png 18w\" \/>\t\t\t\t\t\t\t\n<h2>\n\tVe\u0107 10 godina\n\t<\/h2>\n\t<p>pomjeramo granice obrade metala.<\/p>\n\t<a href=\"https:\/\/www.youtube.com\/watch?v=zCXt1iDpqhk\" target=\"_blank\" role=\"button\"  data-vamtam-lightbox=\"&lt;div class=&quot;vamtam-video-frame&quot;&gt;&lt;iframe title=&quot;ECO GLOBAL corporate video&quot; width=&quot;1260&quot; height=&quot;709&quot; src=&quot;https:\/\/www.youtube.com\/embed\/zCXt1iDpqhk?feature=oembed&quot; frameborder=&quot;0&quot; allow=&quot;accelerometer; autoplay; clipboard-write; encrypted-media; gyroscope; picture-in-picture; web-share&quot; allowfullscreen&gt;&lt;\/iframe&gt;&lt;\/div&gt;\"style=\"font-size:14px;line-height:16px;padding:16px 32px;\">\n\t\t\t\t\tPlay Video\n\t<\/a>\n<h2>\n\t<b>Dodatne <\/b>usluge\n\t<\/h2>\n\t<p>Uz posredstvo na\u0161ih kooperanata, klijentima nudimo razne povr\u0161inske i tehni\u010dke usluge.<\/p>\n\t\t\tTermi\u010dke usluge\n\t\t<p>\u25aa\ufe0f Nitriranje<br \/>\u25aa\ufe0f Kaljenje<br \/>\u25aa\ufe0f Vakumsko kaljenje<br \/>\u25aa\ufe0f Indukciono kaljenje<\/p>\n\t\t\tPovr\u0161inske za\u0161tite\n\t\t<p>\u25aa\ufe0f Eloksiranje (natur, tvrdo i u bojama)<br \/>\u25aa\ufe0f Niklovanje<br \/>\u25aa\ufe0f Cin\u010danje<br \/>\u25aa\ufe0f Bruniranje<br \/>\u25aa\ufe0f Farbanje<\/p>\n<h2>\n\t<b>Ma\u0161ine i oprema<\/b>\n\t<\/h2>\n\t<p>Izradu va\u0161ih dijelova, pozicija ili proizvoda vr\u0161imo na novim ma\u0161inama sa kvalitetnim prate\u0107im alatima, \u0161to nam omogu\u0107ava ne samo da izra\u0111ujemo \u0161irok spektar razli\u010ditih metalnih proizvoda, nego da ih izra\u0111ujemo i u veoma uskim tolerancijama.<\/p>\n\t<a href=\"\/nase-usluge\" target=\"_self\" role=\"button\">\n\t\t\t\t\tNa\u0161e usluge\n\t<\/a>\n<h3>\n\t\t\t<a href=\"https:\/\/www.haascnc.com\/hr\/machines\/vertical-mills\/vf-series\/models\/small\/vf-2ss.html\" title=\"HAAS VF-2 SS\" target=\"_blank\">\n\tHAAS VF-2 SS\n\t\t\t<\/a>\n\t<\/h3>\n\t\t\t\t<a href=\"https:\/\/www.haascnc.com\/hr\/machines\/vertical-mills\/vf-series\/models\/small\/vf-2ss.html\" target=\"_blank\" rel=\"noopener\"  itemprop=\"url\" title=\"HAAS_VF-2_SS\">\n\t\t\t\t\t\t\t<img loading=\"lazy\" decoding=\"async\" src=\"https:\/\/ecoglobal.ba\/wp-content\/uploads\/2018\/04\/HAAS_VF-2_SS.png\" alt=\"HAAS_VF-2_SS\" itemprop=\"image\" height=\"600\" width=\"800\" data-link-type=\"url\" title=\"HAAS_VF-2_SS\" onerror=\"this.style.display='none'\" srcset=\"https:\/\/ecoglobal.ba\/wp-content\/uploads\/2018\/04\/HAAS_VF-2_SS.png 800w, https:\/\/ecoglobal.ba\/wp-content\/uploads\/2018\/04\/HAAS_VF-2_SS-300x225.png 300w, https:\/\/ecoglobal.ba\/wp-content\/uploads\/2018\/04\/HAAS_VF-2_SS-768x576.png 768w, https:\/\/ecoglobal.ba\/wp-content\/uploads\/2018\/04\/HAAS_VF-2_SS-16x12.png 16w, https:\/\/ecoglobal.ba\/wp-content\/uploads\/2018\/04\/HAAS_VF-2_SS-630x473.png 630w, https:\/\/ecoglobal.ba\/wp-content\/uploads\/2018\/04\/HAAS_VF-2_SS-420x315.png 420w, https:\/\/ecoglobal.ba\/wp-content\/uploads\/2018\/04\/HAAS_VF-2_SS-315x236.png 315w\" sizes=\"auto, (max-width: 800px) 100vw, 800px\" \/>\t\t\t\t\t\t<\/a>\n<h3>\n\t\t\t<a href=\"https:\/\/www.haascnc.com\/machines\/vertical-mills\/vf-series\/models\/medium\/vf-4ss.html\" title=\"HAAS VF-4 SS\" target=\"_blank\">\n\tHAAS VF-4 SS\n\t\t\t<\/a>\n\t<\/h3>\n\t\t\t\t<a href=\"https:\/\/www.haascnc.com\/machines\/vertical-mills\/vf-series\/models\/medium\/vf-4ss.html\" target=\"_blank\" rel=\"noopener\"  itemprop=\"url\" title=\"HAAS_VF-4_SS\">\n\t\t\t\t\t\t\t<img loading=\"lazy\" decoding=\"async\" src=\"https:\/\/ecoglobal.ba\/wp-content\/uploads\/2018\/04\/HAAS_VF-4_SS.png\" alt=\"HAAS_VF-4_SS\" itemprop=\"image\" height=\"600\" width=\"800\" data-link-type=\"url\" title=\"HAAS_VF-4_SS\" onerror=\"this.style.display='none'\" srcset=\"https:\/\/ecoglobal.ba\/wp-content\/uploads\/2018\/04\/HAAS_VF-4_SS.png 800w, https:\/\/ecoglobal.ba\/wp-content\/uploads\/2018\/04\/HAAS_VF-4_SS-300x225.png 300w, https:\/\/ecoglobal.ba\/wp-content\/uploads\/2018\/04\/HAAS_VF-4_SS-768x576.png 768w, https:\/\/ecoglobal.ba\/wp-content\/uploads\/2018\/04\/HAAS_VF-4_SS-16x12.png 16w, https:\/\/ecoglobal.ba\/wp-content\/uploads\/2018\/04\/HAAS_VF-4_SS-630x473.png 630w, https:\/\/ecoglobal.ba\/wp-content\/uploads\/2018\/04\/HAAS_VF-4_SS-420x315.png 420w, https:\/\/ecoglobal.ba\/wp-content\/uploads\/2018\/04\/HAAS_VF-4_SS-315x236.png 315w\" sizes=\"auto, (max-width: 800px) 100vw, 800px\" \/>\t\t\t\t\t\t<\/a>\n<h3>\n\t\t\t<a href=\"https:\/\/www.haascnc.com\/hr\/Community\/pre-install-guide\/ST-20.html\" title=\"HAAS ST-20\" target=\"_blank\">\n\tHAAS ST-20\n\t\t\t<\/a>\n\t<\/h3>\n\t\t\t\t<a href=\"https:\/\/www.haascnc.com\/hr\/Community\/pre-install-guide\/ST-20.html\" target=\"_blank\" rel=\"noopener\"  itemprop=\"url\" title=\"HAAS_ST-20\">\n\t\t\t\t\t\t\t<img loading=\"lazy\" decoding=\"async\" src=\"https:\/\/ecoglobal.ba\/wp-content\/uploads\/2018\/04\/HAAS_ST-20.png\" alt=\"HAAS_ST-20\" itemprop=\"image\" height=\"1920\" width=\"2880\" data-link-type=\"url\" title=\"HAAS_ST-20\" onerror=\"this.style.display='none'\" srcset=\"https:\/\/ecoglobal.ba\/wp-content\/uploads\/2018\/04\/HAAS_ST-20.png 2880w, https:\/\/ecoglobal.ba\/wp-content\/uploads\/2018\/04\/HAAS_ST-20-300x200.png 300w, https:\/\/ecoglobal.ba\/wp-content\/uploads\/2018\/04\/HAAS_ST-20-1024x683.png 1024w, https:\/\/ecoglobal.ba\/wp-content\/uploads\/2018\/04\/HAAS_ST-20-768x512.png 768w, https:\/\/ecoglobal.ba\/wp-content\/uploads\/2018\/04\/HAAS_ST-20-1536x1024.png 1536w, https:\/\/ecoglobal.ba\/wp-content\/uploads\/2018\/04\/HAAS_ST-20-2048x1365.png 2048w, https:\/\/ecoglobal.ba\/wp-content\/uploads\/2018\/04\/HAAS_ST-20-18x12.png 18w, https:\/\/ecoglobal.ba\/wp-content\/uploads\/2018\/04\/HAAS_ST-20-1260x840.png 1260w, https:\/\/ecoglobal.ba\/wp-content\/uploads\/2018\/04\/HAAS_ST-20-630x420.png 630w, https:\/\/ecoglobal.ba\/wp-content\/uploads\/2018\/04\/HAAS_ST-20-420x280.png 420w, https:\/\/ecoglobal.ba\/wp-content\/uploads\/2018\/04\/HAAS_ST-20-840x560.png 840w, https:\/\/ecoglobal.ba\/wp-content\/uploads\/2018\/04\/HAAS_ST-20-315x210.png 315w\" sizes=\"auto, (max-width: 2880px) 100vw, 2880px\" \/>\t\t\t\t\t\t<\/a>\n<h3>\n\t\t\t<a href=\"https:\/\/en.dmgmori.com\/products\/machines\/milling\/5-axis-milling\/cmx-u\/cmx-50-u\" title=\"DMG CMX 50U\" target=\"_blank\">\n\tDMG CMX 50U\n\t\t\t<\/a>\n\t<\/h3>\n\t\t\t\t<a href=\"https:\/\/en.dmgmori.com\/products\/machines\/milling\/5-axis-milling\/cmx-u\/cmx-50-u\" target=\"_blank\" rel=\"noopener\"  itemprop=\"url\" title=\"DMG_CMX_50U\">\n\t\t\t\t\t\t\t<img loading=\"lazy\" decoding=\"async\" src=\"https:\/\/ecoglobal.ba\/wp-content\/uploads\/2018\/04\/DMG_CMX_50U.png\" alt=\"DMG_CMX_50U\" itemprop=\"image\" height=\"451\" width=\"538\" data-link-type=\"url\" title=\"DMG_CMX_50U\" onerror=\"this.style.display='none'\" srcset=\"https:\/\/ecoglobal.ba\/wp-content\/uploads\/2018\/04\/DMG_CMX_50U.png 538w, https:\/\/ecoglobal.ba\/wp-content\/uploads\/2018\/04\/DMG_CMX_50U-300x251.png 300w, https:\/\/ecoglobal.ba\/wp-content\/uploads\/2018\/04\/DMG_CMX_50U-14x12.png 14w, https:\/\/ecoglobal.ba\/wp-content\/uploads\/2018\/04\/DMG_CMX_50U-420x352.png 420w, https:\/\/ecoglobal.ba\/wp-content\/uploads\/2018\/04\/DMG_CMX_50U-315x264.png 315w\" sizes=\"auto, (max-width: 538px) 100vw, 538px\" \/>\t\t\t\t\t\t<\/a>\n<h3>\n\t\t\t<a href=\"https:\/\/en.dmgmori.com\/products\/machines\/milling\/vertical-milling\/m\/m1\" title=\"DMG M1 PRO\" target=\"_blank\">\n\tDMG M1 PRO\n\t\t\t<\/a>\n\t<\/h3>\n\t\t\t\t<a href=\"https:\/\/en.dmgmori.com\/products\/machines\/milling\/vertical-milling\/m\/m1\" target=\"_blank\" rel=\"noopener\"  itemprop=\"url\" title=\"DMG M1 PRO\">\n\t\t\t\t\t\t\t<img loading=\"lazy\" decoding=\"async\" src=\"https:\/\/ecoglobal.ba\/wp-content\/uploads\/2018\/04\/DMG-M1-PRO.png\" alt=\"DMG M1 PRO\" itemprop=\"image\" height=\"472\" width=\"630\" data-link-type=\"url\" title=\"DMG M1 PRO\" onerror=\"this.style.display='none'\" srcset=\"https:\/\/ecoglobal.ba\/wp-content\/uploads\/2018\/04\/DMG-M1-PRO.png 630w, https:\/\/ecoglobal.ba\/wp-content\/uploads\/2018\/04\/DMG-M1-PRO-300x225.png 300w, https:\/\/ecoglobal.ba\/wp-content\/uploads\/2018\/04\/DMG-M1-PRO-16x12.png 16w, https:\/\/ecoglobal.ba\/wp-content\/uploads\/2018\/04\/DMG-M1-PRO-420x315.png 420w, https:\/\/ecoglobal.ba\/wp-content\/uploads\/2018\/04\/DMG-M1-PRO-315x236.png 315w\" sizes=\"auto, (max-width: 630px) 100vw, 630px\" \/>\t\t\t\t\t\t<\/a>\n\t<h2><strong>Inovativne<\/strong><br \/>\nTehnologije<\/h2>\n\t<p>Na\u0161a predanost tehnolo\u0161kom napretku omogu\u0107ava nam da isporu\u010dujemo vrhunska inovativna rje\u0161enja koja transformi\u0161u na\u010din obrade metala.<\/p>\n\t\u25ce \u00a0 \u00a0Najnovija tehnologija<br \/>\n\u25ce \u00a0 \u00a0Digitalizacija proizvodnje<br \/>\n\u25ce \u00a0 \u00a0Odr\u017eivi materijali<br \/>\n\u25ce \u00a0 \u00a0Automatizacija i robotika\n\t<a href=\"https:\/\/ecoglobal.ba\/nase-usluge\" target=\"_self\" role=\"button\">\n\t\t\t\t\tNa\u0161e usluge\n\t<\/a>\n\t<h2><strong>Ekolo\u0161ka<\/strong><br \/>\nodr\u017eivost<\/h2>\n\t<p>Na\u0161a kompanija je zasnovana na temeljnom principu ekolo\u0161ke odr\u017eivosti koja oblikuje svaki aspekt na\u0161eg poslovanja, usmjeravaju\u0107i nas prema boljoj budu\u0107nosti za sve nas.<\/p>\n\t<a href=\"https:\/\/ecoglobal.ba\/eco-odrzivost\" target=\"_self\" role=\"button\">\n\t\t\t\t\tEco Odr\u017eivost\n\t<\/a>\n<h4>\n\tOKOLINA\n\t<\/h4>\n\t<p>Na\u0161i procesi proizvodnje su dizajnirani s ciljem smanjenja negativnog uticaja na okolinu. Implementiramo strategije recikliranja materijala, optimizaciju energetske efikasnosti i primjenu ekolo\u0161kih tehnologija kako bismo smanjili emisije i stvorili odr\u017eivu proizvodnu praksu.<\/p>\n<h4>\n\tSIGURNOST\n\t<\/h4>\n\t<p>Primjenjujemo najsavremenije tehnike bezbjednosti kako bismo osigurali da svaki aspekt na\u0161eg poslovanja zadovoljava najvi\u0161e standarde u industriji. Ovo uklju\u010duje stalno usavr\u0161avanje, rigorozne procedure i investicije u opremu koja pru\u017ea maksimalnu za\u0161titu.<\/p>\n<h4>\n\tINTEGRITET\n\t<\/h4>\n\t<p>Odr\u017eavamo integritet kroz transparentno poslovanje i po\u0161tovanje eti\u010dkih principa. Svestrano pristupamo integritetu, odabrav\u0161i dobavlja\u010de koji dijele na\u0161e vrijednosti i usmjeravaju\u0107i se prema praksi koja odra\u017eava odgovornost prema zajednici i dru\u0161tvu u cjelini.<\/p>\n<h5>\n\tPOSAO\n\t<\/h5>\n\t<h2>Pridru\u017ei se<br \/>\n<strong>na\u0161em timu<\/strong><\/h2>\n\t<p>Dobrodo\u0161li u Eco Global, gdje karijera postaje inspirativno putovanje ka tehni\u010dkom usavr\u0161avanju i odr\u017eivom poslovanju. Ako ste inovativni i spremni izazivati granice u oblasti obrade metala, pozivamo vas da se pridru\u017eite na\u0161em dinami\u010dnom kolektivu.<\/p>\n\t<a href=\"https:\/\/ecoglobal.ba\/kontakt\/\" target=\"_self\" role=\"button\">\n\t\t\t\t\tPrijavi se danas\n\t<\/a>\n\t<h2>Na\u0161e reference<\/h2>\n\n<\/div><!-- .vgblk-rw-wrapper -->","protected":false},"excerpt":{"rendered":"<p>CNC GLODANJE Izradu va\u0161ih dijelova, pozicija ili proizvoda vr\u0161imo na novim ma\u0161inama sa kvalitetnim prate\u0107im alatima, \u0161to nam omogu\u0107ava ne samo da izra\u0111ujemo \u0161irok spektar razli\u010ditih metalnih proizvoda, nego da ih izra\u0111ujemo i u veoma uskim tolerancijama. CNC TOKARENJE Za proizvode prikladne izradi na tokarskom stroju, bili oni u jedini\u010dnoj ili serijskoj proizvodnji, koristimo kompjuterski&#8230;<\/p>\n","protected":false},"author":1,"featured_media":0,"parent":0,"menu_order":0,"comment_status":"closed","ping_status":"closed","template":"","meta":{"inline_featured_image":false,"ngg_post_thumbnail":0,"footnotes":""},"class_list":["post-11419","page","type-page","status-publish","hentry"],"_links":{"self":[{"href":"https:\/\/ecoglobal.ba\/bs\/wp-json\/wp\/v2\/pages\/11419","targetHints":{"allow":["GET"]}}],"collection":[{"href":"https:\/\/ecoglobal.ba\/bs\/wp-json\/wp\/v2\/pages"}],"about":[{"href":"https:\/\/ecoglobal.ba\/bs\/wp-json\/wp\/v2\/types\/page"}],"author":[{"embeddable":true,"href":"https:\/\/ecoglobal.ba\/bs\/wp-json\/wp\/v2\/users\/1"}],"replies":[{"embeddable":true,"href":"https:\/\/ecoglobal.ba\/bs\/wp-json\/wp\/v2\/comments?post=11419"}],"version-history":[{"count":39,"href":"https:\/\/ecoglobal.ba\/bs\/wp-json\/wp\/v2\/pages\/11419\/revisions"}],"predecessor-version":[{"id":988348,"href":"https:\/\/ecoglobal.ba\/bs\/wp-json\/wp\/v2\/pages\/11419\/revisions\/988348"}],"wp:attachment":[{"href":"https:\/\/ecoglobal.ba\/bs\/wp-json\/wp\/v2\/media?parent=11419"}],"curies":[{"name":"wp","href":"https:\/\/api.w.org\/{rel}","templated":true}]}}