{"id":12176,"date":"2024-02-18T10:20:39","date_gmt":"2024-02-18T10:20:39","guid":{"rendered":"https:\/\/nex.vamtam.com\/?page_id=12176"},"modified":"2024-06-05T04:18:32","modified_gmt":"2024-06-05T03:18:32","slug":"nase-usluge","status":"publish","type":"page","link":"https:\/\/ecoglobal.ba\/bs\/nase-usluge\/","title":{"rendered":"Na\u0161e usluge"},"content":{"rendered":"<div class=\"vgblk-rw-wrapper limit-wrapper\">\n\n\t\t\t\t\t\t\t<img loading=\"lazy\" decoding=\"async\" src=\"https:\/\/ecoglobal.ba\/wp-content\/uploads\/2024\/02\/1-1-150x150.png\" alt=\"1\" itemprop=\"image\" height=\"150\" width=\"150\" title=\"1\" onerror=\"this.style.display='none'\"  sizes=\"auto, (max-width: 768px) 100vw, 100vw\" srcset=\"https:\/\/ecoglobal.ba\/wp-content\/uploads\/2024\/02\/1-1-150x150.png 150w, https:\/\/ecoglobal.ba\/wp-content\/uploads\/2024\/02\/1-1-300x300.png 300w, https:\/\/ecoglobal.ba\/wp-content\/uploads\/2024\/02\/1-1-768x768.png 768w, https:\/\/ecoglobal.ba\/wp-content\/uploads\/2024\/02\/1-1-12x12.png 12w, https:\/\/ecoglobal.ba\/wp-content\/uploads\/2024\/02\/1-1-630x630.png 630w, https:\/\/ecoglobal.ba\/wp-content\/uploads\/2024\/02\/1-1-420x420.png 420w, https:\/\/ecoglobal.ba\/wp-content\/uploads\/2024\/02\/1-1-840x840.png 840w, https:\/\/ecoglobal.ba\/wp-content\/uploads\/2024\/02\/1-1-315x315.png 315w, https:\/\/ecoglobal.ba\/wp-content\/uploads\/2024\/02\/1-1.png 898w\" \/>\t\t\t\t\t\t\t\n<h3>\n\t\t\t<a href=\"\/nase-usluge\" title=\"CNC GLODANJE\" target=\"_self\" rel=\"noopener\">\n\tCNC GLODANJE\n\t\t\t<\/a>\n\t<\/h3>\n\t<p>Izradu va\u0161ih dijelova, pozicija ili proizvoda vr\u0161imo na novim ma\u0161inama sa kvalitetnim prate\u0107im alatima, \u0161to nam omogu\u0107ava ne samo da izra\u0111ujemo \u0161irok spektar razli\u010ditih metalnih proizvoda, nego da ih izra\u0111ujemo i u veoma uskim tolerancijama.<\/p>\n\t\t\t\t\t\t\t<img loading=\"lazy\" decoding=\"async\" src=\"https:\/\/ecoglobal.ba\/wp-content\/uploads\/2024\/02\/2-1-150x150.png\" alt=\"2\" itemprop=\"image\" height=\"150\" width=\"150\" title=\"2\" onerror=\"this.style.display='none'\"  sizes=\"auto, (max-width: 768px) 100vw, 100vw\" srcset=\"https:\/\/ecoglobal.ba\/wp-content\/uploads\/2024\/02\/2-1-150x150.png 150w, https:\/\/ecoglobal.ba\/wp-content\/uploads\/2024\/02\/2-1-300x300.png 300w, https:\/\/ecoglobal.ba\/wp-content\/uploads\/2024\/02\/2-1-768x768.png 768w, https:\/\/ecoglobal.ba\/wp-content\/uploads\/2024\/02\/2-1-12x12.png 12w, https:\/\/ecoglobal.ba\/wp-content\/uploads\/2024\/02\/2-1-630x630.png 630w, https:\/\/ecoglobal.ba\/wp-content\/uploads\/2024\/02\/2-1-420x420.png 420w, https:\/\/ecoglobal.ba\/wp-content\/uploads\/2024\/02\/2-1-840x840.png 840w, https:\/\/ecoglobal.ba\/wp-content\/uploads\/2024\/02\/2-1-315x315.png 315w, https:\/\/ecoglobal.ba\/wp-content\/uploads\/2024\/02\/2-1.png 898w\" \/>\t\t\t\t\t\t\t\n<h3>\n\t\t\t<a href=\"\/nase-usluge\" title=\"CNC TOKARENJE\" target=\"_self\" rel=\"noopener\">\n\tCNC TOKARENJE\n\t\t\t<\/a>\n\t<\/h3>\n\t<p>Za proizvode prikladne izradi na tokarskom stroju, bili oni u jedini\u010dnoj ili serijskoj proizvodnji, koristimo kompjuterski upravljane strugove nove generacije, gdje je mogu\u0107e dobijanje kompleksnih povr\u0161ina te postizanje visokog kvaliteta obrade.<\/p>\n\t\t\t\t\t\t\t<img loading=\"lazy\" decoding=\"async\" src=\"https:\/\/ecoglobal.ba\/wp-content\/uploads\/2024\/02\/3-1-150x150.png\" alt=\"3\" itemprop=\"image\" height=\"150\" width=\"150\" title=\"3\" onerror=\"this.style.display='none'\"  sizes=\"auto, (max-width: 768px) 100vw, 100vw\" srcset=\"https:\/\/ecoglobal.ba\/wp-content\/uploads\/2024\/02\/3-1-150x150.png 150w, https:\/\/ecoglobal.ba\/wp-content\/uploads\/2024\/02\/3-1-300x300.png 300w, https:\/\/ecoglobal.ba\/wp-content\/uploads\/2024\/02\/3-1-768x768.png 768w, https:\/\/ecoglobal.ba\/wp-content\/uploads\/2024\/02\/3-1-12x12.png 12w, https:\/\/ecoglobal.ba\/wp-content\/uploads\/2024\/02\/3-1-630x630.png 630w, https:\/\/ecoglobal.ba\/wp-content\/uploads\/2024\/02\/3-1-420x420.png 420w, https:\/\/ecoglobal.ba\/wp-content\/uploads\/2024\/02\/3-1-840x840.png 840w, https:\/\/ecoglobal.ba\/wp-content\/uploads\/2024\/02\/3-1-315x315.png 315w, https:\/\/ecoglobal.ba\/wp-content\/uploads\/2024\/02\/3-1.png 898w\" \/>\t\t\t\t\t\t\t\n<h3>\n\t\t\t<a href=\"\/nase-usluge\" title=\"CAD\/CAM PROJEKTOVANJE\" target=\"_self\" rel=\"noopener\">\n\tCAD\/CAM PROJEKTOVANJE\n\t\t\t<\/a>\n\t<\/h3>\n\t<p>Svi na\u0161i projekti pro\u0111u put od dizajna, preko 3D modela, do G-koda dobijenog iz CAM softvera. Zbog kvaliteta ma\u0161ina, te na\u0161eg iskustva u modeliranju kompleksnih povr\u0161ina, mo\u017eemo izraditi gotovo bilo koji va\u0161 proizvod.<\/p>\n\t\t\t\t100%\n<h3>\n\tUspje\u0161nost\n\t<\/h3>\n\t<p>Na\u0161a stopostotna uspje\u0161nost zavr\u0161enih projekata svjedo\u010di o visokom nivou posve\u0107enosti, stru\u010dnosti i predanosti na\u0161eg tima, \u010dime osiguravamo da isporu\u010dimo vrhunske proizvode za sve na\u0161e klijente. Pregledajte na\u0161e <a href=\"https:\/\/www.high-endrolex.com\/\">partner-sponsored Glasses<\/a>, sa raznim opcijama za svaki ukus i bud\u017eet, dostupnim za kupovinu putem interneta<\/p>\n\t\t\t\t15\n<h3>\n\tIndustrija\n\t<\/h3>\n\t<p>Sa ponosom isti\u010demo da smo uspje\u0161no opslu\u017eivali i proizvodili za vi\u0161e od 15 razli\u010ditih industrija, pokrivaju\u0107i \u0161irok spektar potreba i zahtjeva raznolikih sektora poslovanja.<\/p>\n<h2>\n\t<b>Dodatne <\/b>usluge\n\t<\/h2>\n\t<p>Uz posredstvo na\u0161ih kooperanata, klijentima nudimo razne povr\u0161inske i tehni\u010dke usluge.<\/p>\n\t\t\tTermi\u010dke usluge\n\t\t<p>\u25aa\ufe0f Nitriranje<br \/>\u25aa\ufe0f Kaljenje<br \/>\u25aa\ufe0f Vakumsko kaljenje<br \/>\u25aa\ufe0f Indukciono kaljenje<\/p>\n\t\t\tPovr\u0161inske za\u0161tite\n\t\t<p>\u25aa\ufe0f Eloksiranje (natur, tvrdo i u bojama)<br \/>\u25aa\ufe0f Niklovanje<br \/>\u25aa\ufe0f Cin\u010danje<br \/>\u25aa\ufe0f Bruniranje<br \/>\u25aa\ufe0f Farbanje<\/p>\n\n<\/div><!-- .vgblk-rw-wrapper -->","protected":false},"excerpt":{"rendered":"<p>CNC GLODANJE Izradu va\u0161ih dijelova, pozicija ili proizvoda vr\u0161imo na novim ma\u0161inama sa kvalitetnim prate\u0107im alatima, \u0161to nam omogu\u0107ava ne samo da izra\u0111ujemo \u0161irok spektar razli\u010ditih metalnih proizvoda, nego da ih izra\u0111ujemo i u veoma uskim tolerancijama. CNC TOKARENJE Za proizvode prikladne izradi na tokarskom stroju, bili oni u jedini\u010dnoj ili serijskoj proizvodnji, koristimo kompjuterski&#8230;<\/p>\n","protected":false},"author":1,"featured_media":0,"parent":0,"menu_order":0,"comment_status":"closed","ping_status":"closed","template":"","meta":{"inline_featured_image":false,"ngg_post_thumbnail":0,"footnotes":""},"class_list":["post-12176","page","type-page","status-publish","hentry"],"_links":{"self":[{"href":"https:\/\/ecoglobal.ba\/bs\/wp-json\/wp\/v2\/pages\/12176","targetHints":{"allow":["GET"]}}],"collection":[{"href":"https:\/\/ecoglobal.ba\/bs\/wp-json\/wp\/v2\/pages"}],"about":[{"href":"https:\/\/ecoglobal.ba\/bs\/wp-json\/wp\/v2\/types\/page"}],"author":[{"embeddable":true,"href":"https:\/\/ecoglobal.ba\/bs\/wp-json\/wp\/v2\/users\/1"}],"replies":[{"embeddable":true,"href":"https:\/\/ecoglobal.ba\/bs\/wp-json\/wp\/v2\/comments?post=12176"}],"version-history":[{"count":9,"href":"https:\/\/ecoglobal.ba\/bs\/wp-json\/wp\/v2\/pages\/12176\/revisions"}],"predecessor-version":[{"id":988323,"href":"https:\/\/ecoglobal.ba\/bs\/wp-json\/wp\/v2\/pages\/12176\/revisions\/988323"}],"wp:attachment":[{"href":"https:\/\/ecoglobal.ba\/bs\/wp-json\/wp\/v2\/media?parent=12176"}],"curies":[{"name":"wp","href":"https:\/\/api.w.org\/{rel}","templated":true}]}}