{"id":12361,"date":"2024-02-18T15:09:48","date_gmt":"2024-02-18T15:09:48","guid":{"rendered":"https:\/\/nex.vamtam.com\/?page_id=12361"},"modified":"2024-12-20T22:34:27","modified_gmt":"2024-12-20T21:34:27","slug":"reference","status":"publish","type":"page","link":"https:\/\/ecoglobal.ba\/bs\/reference\/","title":{"rendered":"Reference"},"content":{"rendered":"<div class=\"vgblk-rw-wrapper limit-wrapper\">\n<h2>\n\tNa\u0161i <b>partneri<\/b>\n\t<\/h2>\n\t\t\t\t\t\t\t<img loading=\"lazy\" decoding=\"async\" src=\"https:\/\/ecoglobal.ba\/wp-content\/uploads\/2024\/03\/Hhas-logo-1-1.png\" alt=\"Hhas logo\" itemprop=\"image\" height=\"300\" width=\"300\" title=\"Hhas logo\" onerror=\"this.style.display='none'\"  sizes=\"auto, (max-width: 768px) 100vw, 100vw\" srcset=\"https:\/\/ecoglobal.ba\/wp-content\/uploads\/2024\/03\/Hhas-logo-1-1.png 300w, https:\/\/ecoglobal.ba\/wp-content\/uploads\/2024\/03\/Hhas-logo-1-1-150x150.png 150w, https:\/\/ecoglobal.ba\/wp-content\/uploads\/2024\/03\/Hhas-logo-1-1-12x12.png 12w\" \/>\t\t\t\t\t\t\t\n\t\t\t\t\t\t\t<img loading=\"lazy\" decoding=\"async\" src=\"https:\/\/ecoglobal.ba\/wp-content\/uploads\/2024\/03\/dmg-mori-logo-1-1.png\" alt=\"dmg mori logo\" itemprop=\"image\" height=\"300\" width=\"300\" title=\"dmg mori logo\" onerror=\"this.style.display='none'\"  sizes=\"auto, (max-width: 768px) 100vw, 100vw\" srcset=\"https:\/\/ecoglobal.ba\/wp-content\/uploads\/2024\/03\/dmg-mori-logo-1-1.png 300w, https:\/\/ecoglobal.ba\/wp-content\/uploads\/2024\/03\/dmg-mori-logo-1-1-150x150.png 150w, https:\/\/ecoglobal.ba\/wp-content\/uploads\/2024\/03\/dmg-mori-logo-1-1-12x12.png 12w\" \/>\t\t\t\t\t\t\t\n\t\t\t\t\t\t\t<img loading=\"lazy\" decoding=\"async\" src=\"https:\/\/ecoglobal.ba\/wp-content\/uploads\/2024\/03\/hoffman-group-logo.png\" alt=\"hoffman group logo\" itemprop=\"image\" height=\"300\" width=\"300\" title=\"hoffman group logo\" onerror=\"this.style.display='none'\"  sizes=\"auto, (max-width: 768px) 100vw, 100vw\" srcset=\"https:\/\/ecoglobal.ba\/wp-content\/uploads\/2024\/03\/hoffman-group-logo.png 300w, https:\/\/ecoglobal.ba\/wp-content\/uploads\/2024\/03\/hoffman-group-logo-150x150.png 150w, https:\/\/ecoglobal.ba\/wp-content\/uploads\/2024\/03\/hoffman-group-logo-12x12.png 12w\" \/>\t\t\t\t\t\t\t\n\t\t\t\t\t\t\t<img loading=\"lazy\" decoding=\"async\" src=\"https:\/\/ecoglobal.ba\/wp-content\/uploads\/2024\/03\/emuge-franken-group-logo-1.png\" alt=\"emuge franken group logo\" itemprop=\"image\" height=\"600\" width=\"600\" title=\"emuge franken group logo\" onerror=\"this.style.display='none'\"  sizes=\"auto, (max-width: 768px) 100vw, 100vw\" srcset=\"https:\/\/ecoglobal.ba\/wp-content\/uploads\/2024\/03\/emuge-franken-group-logo-1.png 600w, https:\/\/ecoglobal.ba\/wp-content\/uploads\/2024\/03\/emuge-franken-group-logo-1-300x300.png 300w, https:\/\/ecoglobal.ba\/wp-content\/uploads\/2024\/03\/emuge-franken-group-logo-1-150x150.png 150w, https:\/\/ecoglobal.ba\/wp-content\/uploads\/2024\/03\/emuge-franken-group-logo-1-12x12.png 12w, https:\/\/ecoglobal.ba\/wp-content\/uploads\/2024\/03\/emuge-franken-group-logo-1-420x420.png 420w, https:\/\/ecoglobal.ba\/wp-content\/uploads\/2024\/03\/emuge-franken-group-logo-1-315x315.png 315w\" \/>\t\t\t\t\t\t\t\n<h2>\n\tNa\u0161i <b>dobavlja\u010di<\/b>\n\t<\/h2>\n\t<p>Na\u0161i dobavlja\u010di su klju\u010dni partneri u postizanju izuzetnih standarda kvaliteta, a na\u0161a posve\u0107enost saradnji s pouzdanim partnerima omogu\u0107ava nam da obezbjedimo vrhunske materijale i resurse za na\u0161e proizvodne procese.<\/p>\n\t\t\t\t\t\t\t<img loading=\"lazy\" decoding=\"async\" src=\"https:\/\/ecoglobal.ba\/wp-content\/uploads\/2024\/03\/euro-metali-logo.png\" alt=\"euro metali logo\" itemprop=\"image\" height=\"300\" width=\"300\" title=\"euro metali logo\" onerror=\"this.style.display='none'\"  sizes=\"auto, (max-width: 768px) 100vw, 100vw\" srcset=\"https:\/\/ecoglobal.ba\/wp-content\/uploads\/2024\/03\/euro-metali-logo.png 300w, https:\/\/ecoglobal.ba\/wp-content\/uploads\/2024\/03\/euro-metali-logo-150x150.png 150w, https:\/\/ecoglobal.ba\/wp-content\/uploads\/2024\/03\/euro-metali-logo-12x12.png 12w\" \/>\t\t\t\t\t\t\t\n\t\t\t\t\t\t\t<img loading=\"lazy\" decoding=\"async\" src=\"https:\/\/ecoglobal.ba\/wp-content\/uploads\/2024\/03\/euro-roal-logo.png\" alt=\"euro roal logo\" itemprop=\"image\" height=\"300\" width=\"300\" title=\"euro roal logo\" onerror=\"this.style.display='none'\"  sizes=\"auto, (max-width: 768px) 100vw, 100vw\" srcset=\"https:\/\/ecoglobal.ba\/wp-content\/uploads\/2024\/03\/euro-roal-logo.png 300w, https:\/\/ecoglobal.ba\/wp-content\/uploads\/2024\/03\/euro-roal-logo-150x150.png 150w, https:\/\/ecoglobal.ba\/wp-content\/uploads\/2024\/03\/euro-roal-logo-12x12.png 12w\" \/>\t\t\t\t\t\t\t\n\t\t\t\t\t\t\t<img loading=\"lazy\" decoding=\"async\" src=\"https:\/\/ecoglobal.ba\/wp-content\/uploads\/2024\/03\/dimer-logo.png\" alt=\"dimer logo\" itemprop=\"image\" height=\"300\" width=\"300\" title=\"dimer logo\" onerror=\"this.style.display='none'\"  sizes=\"auto, (max-width: 768px) 100vw, 100vw\" srcset=\"https:\/\/ecoglobal.ba\/wp-content\/uploads\/2024\/03\/dimer-logo.png 300w, https:\/\/ecoglobal.ba\/wp-content\/uploads\/2024\/03\/dimer-logo-150x150.png 150w, https:\/\/ecoglobal.ba\/wp-content\/uploads\/2024\/03\/dimer-logo-12x12.png 12w\" \/>\t\t\t\t\t\t\t\n\t\t\t\t\t\t\t<img loading=\"lazy\" decoding=\"async\" src=\"https:\/\/ecoglobal.ba\/wp-content\/uploads\/2024\/03\/frankstahl-logo.png\" alt=\"frankstahl logo\" itemprop=\"image\" height=\"300\" width=\"300\" title=\"frankstahl logo\" onerror=\"this.style.display='none'\"  sizes=\"auto, (max-width: 768px) 100vw, 100vw\" srcset=\"https:\/\/ecoglobal.ba\/wp-content\/uploads\/2024\/03\/frankstahl-logo.png 300w, https:\/\/ecoglobal.ba\/wp-content\/uploads\/2024\/03\/frankstahl-logo-150x150.png 150w, https:\/\/ecoglobal.ba\/wp-content\/uploads\/2024\/03\/frankstahl-logo-12x12.png 12w\" \/>\t\t\t\t\t\t\t\n\n<\/div><!-- .vgblk-rw-wrapper -->","protected":false},"excerpt":{"rendered":"<p>Na\u0161i partneri Na\u0161i dobavlja\u010di Na\u0161i dobavlja\u010di su klju\u010dni partneri u postizanju izuzetnih standarda kvaliteta, a na\u0161a posve\u0107enost saradnji s pouzdanim partnerima omogu\u0107ava nam da obezbjedimo vrhunske materijale i resurse za na\u0161e proizvodne procese.<\/p>\n","protected":false},"author":1,"featured_media":0,"parent":0,"menu_order":0,"comment_status":"closed","ping_status":"closed","template":"","meta":{"inline_featured_image":false,"ngg_post_thumbnail":0,"footnotes":""},"class_list":["post-12361","page","type-page","status-publish","hentry"],"_links":{"self":[{"href":"https:\/\/ecoglobal.ba\/bs\/wp-json\/wp\/v2\/pages\/12361","targetHints":{"allow":["GET"]}}],"collection":[{"href":"https:\/\/ecoglobal.ba\/bs\/wp-json\/wp\/v2\/pages"}],"about":[{"href":"https:\/\/ecoglobal.ba\/bs\/wp-json\/wp\/v2\/types\/page"}],"author":[{"embeddable":true,"href":"https:\/\/ecoglobal.ba\/bs\/wp-json\/wp\/v2\/users\/1"}],"replies":[{"embeddable":true,"href":"https:\/\/ecoglobal.ba\/bs\/wp-json\/wp\/v2\/comments?post=12361"}],"version-history":[{"count":12,"href":"https:\/\/ecoglobal.ba\/bs\/wp-json\/wp\/v2\/pages\/12361\/revisions"}],"predecessor-version":[{"id":988345,"href":"https:\/\/ecoglobal.ba\/bs\/wp-json\/wp\/v2\/pages\/12361\/revisions\/988345"}],"wp:attachment":[{"href":"https:\/\/ecoglobal.ba\/bs\/wp-json\/wp\/v2\/media?parent=12361"}],"curies":[{"name":"wp","href":"https:\/\/api.w.org\/{rel}","templated":true}]}}