{"id":13349,"date":"2024-02-18T13:05:22","date_gmt":"2024-02-18T13:05:22","guid":{"rendered":"https:\/\/nex.vamtam.com\/?page_id=13349"},"modified":"2025-02-21T04:08:10","modified_gmt":"2025-02-21T03:08:10","slug":"eco-odrzivost","status":"publish","type":"page","link":"https:\/\/ecoglobal.ba\/bs\/eco-odrzivost\/","title":{"rendered":"Eco odr\u017eivost"},"content":{"rendered":"<div class=\"vgblk-rw-wrapper limit-wrapper\">\n<h2>\n\tIndustrije poput na\u0161e moraju bolje razumjeti kako o\u010duvati okoli\u0161.\n\t<\/h2>\n<h3>\n\tOKOLINA\n\t<\/h3>\n\t<p>Na\u0161a posve\u0107enost o\u010duvanju okoline manifestuje se kroz proizvodne procese dizajnirane za smanjenje negativnog uticaja, implementaciju strategija recikliranja, optimizaciju energetske efikasnosti i kori\u0161tenje ekolo\u0161kih tehnologija.<\/p>\n<h3>\n\tSIGURNOST \n\t<\/h3>\n\t<p>Primjenjujemo najsavremenije tehnike bezbjednosti kako bismo osigurali da svaki aspekt na\u0161eg poslovanja zadovoljava najvi\u0161e industrijske standarde. <\/p>\n<h3>\n\tINTEGRITET \n\t<\/h3>\n\t<p>Odr\u017eavamo integritet kroz transparentnost poslovanja, po\u0161tovanje eti\u010dkih principa, te odabir dobavlja\u010da koji dijele na\u0161e vrijednosti dru\u0161tveno odgovornog poslovanja.<\/p>\n<h3>\n\tINOVACIJA \n\t<\/h3>\n\t<p>Eco Global se ponosi pionirskim pristupom tehnolo\u0161kom napretku, konstantno tra\u017ee\u0107i inovativna rje\u0161enja kako bismo transformisali na\u010din obrade metala. Parcela je kompaktna, fascinantna i nezaboravna.<\/p>\n<h2>\n\tNa\u0161i<br \/><strong>Rezultati<\/strong>\n\t<\/h2>\n\t<p>Na\u0161 uspjeh kao kompanije temelji se na obimnim prakti\u010dnim, inovativnim i tehni\u010dkim vje\u0161tinama na\u0161ih in\u017einjera, zajedno sa sna\u017enom privr\u017eeno\u0161\u0107u i posve\u0107eno\u0161\u0107u zadovoljstvu na\u0161ih kupaca. Tokom na\u0161eg perioda postojanja, ostvarili smo impresivan niz uspje\u0161nih projekata.<\/p>\n\t\t\t\t\t\t\t85%\t\t\t\t\n\t\t\t<style>\n\t\t\t\t.fl-node- .fl-number-bars-container {\n\t\t\t\t\tbackground-color: var( --vamtam-accent-color-7 );\n\t\t\t\t}\n\t\t\t\t.fl-node- .fl-number-bar {\n\t\t\t\t\tbackground-color: var( --vamtam-accent-color-1 );\n\t\t\t\t}\n\t\t\t<\/style>\n\t<p>Rast prodaje<\/p>\n\t\t\t\t\t\t\t88%\t\t\t\t\n\t\t\t<style>\n\t\t\t\t.fl-node- .fl-number-bars-container {\n\t\t\t\t\tbackground-color: var( --vamtam-accent-color-7 );\n\t\t\t\t}\n\t\t\t\t.fl-node- .fl-number-bar {\n\t\t\t\t\tbackground-color: var( --vamtam-accent-color-1 );\n\t\t\t\t}\n\t\t\t<\/style>\n\t<p>Rast proizvodnje<\/p>\n\t\t\t\t\t\t\t65%\t\t\t\t\n\t\t\t<style>\n\t\t\t\t.fl-node- .fl-number-bars-container {\n\t\t\t\t\tbackground-color: var( --vamtam-accent-color-7 );\n\t\t\t\t}\n\t\t\t\t.fl-node- .fl-number-bar {\n\t\t\t\t\tbackground-color: var( --vamtam-accent-color-1 );\n\t\t\t\t}\n\t\t\t<\/style>\n\t<p>Rast broja zaposlenih svake godine<\/p>\n<h3>\n\tNa\u0161a misija\n\t<\/h3>\n\t<p>Predanost kontinuiranom unapre\u0111enju usluga u obradi metala, osiguravaju\u0107i visok industrijski kvalitet, odr\u017eivost i potpuno zadovoljstvo na\u0161ih klijenata kroz stru\u010dnost i posve\u0107enost na\u0161eg tima.<\/p>\n\t<a href=\"https:\/\/ecoglobal.ba\/bs\/o-nama\/\" target=\"_self\" role=\"button\">\n\t\t\t\t\tSaznaj vi\u0161e\n\t<\/a>\n<h3>\n\tNa\u0161a vizija\n\t<\/h3>\n\t<p>Kroz intenzivnu saradnju i inovativne tehnologije, \u017eelimo postati lider u pru\u017eanju najefikasnijih rje\u0161enja koja prema\u0161uju o\u010dekivanja na\u0161ih kupaca \u0161irom svijeta.<\/p>\n\t<a href=\"https:\/\/ecoglobal.ba\/bs\/o-nama\/\" target=\"_self\" role=\"button\">\n\t\t\t\t\tSaznaj vi\u0161e\n\t<\/a>\n\n<\/div><!-- .vgblk-rw-wrapper -->","protected":false},"excerpt":{"rendered":"<p>Industrije poput na\u0161e moraju bolje razumjeti kako o\u010duvati okoli\u0161. OKOLINA Na\u0161a posve\u0107enost o\u010duvanju okoline manifestuje se kroz proizvodne procese dizajnirane za smanjenje negativnog uticaja, implementaciju strategija recikliranja, optimizaciju energetske efikasnosti i kori\u0161tenje ekolo\u0161kih tehnologija. SIGURNOST Primjenjujemo najsavremenije tehnike bezbjednosti kako bismo osigurali da svaki aspekt na\u0161eg poslovanja zadovoljava najvi\u0161e industrijske standarde. INTEGRITET Odr\u017eavamo integritet kroz&#8230;<\/p>\n","protected":false},"author":1,"featured_media":0,"parent":0,"menu_order":0,"comment_status":"closed","ping_status":"closed","template":"","meta":{"inline_featured_image":false,"ngg_post_thumbnail":0,"footnotes":""},"class_list":["post-13349","page","type-page","status-publish","hentry"],"_links":{"self":[{"href":"https:\/\/ecoglobal.ba\/bs\/wp-json\/wp\/v2\/pages\/13349","targetHints":{"allow":["GET"]}}],"collection":[{"href":"https:\/\/ecoglobal.ba\/bs\/wp-json\/wp\/v2\/pages"}],"about":[{"href":"https:\/\/ecoglobal.ba\/bs\/wp-json\/wp\/v2\/types\/page"}],"author":[{"embeddable":true,"href":"https:\/\/ecoglobal.ba\/bs\/wp-json\/wp\/v2\/users\/1"}],"replies":[{"embeddable":true,"href":"https:\/\/ecoglobal.ba\/bs\/wp-json\/wp\/v2\/comments?post=13349"}],"version-history":[{"count":13,"href":"https:\/\/ecoglobal.ba\/bs\/wp-json\/wp\/v2\/pages\/13349\/revisions"}],"predecessor-version":[{"id":988349,"href":"https:\/\/ecoglobal.ba\/bs\/wp-json\/wp\/v2\/pages\/13349\/revisions\/988349"}],"wp:attachment":[{"href":"https:\/\/ecoglobal.ba\/bs\/wp-json\/wp\/v2\/media?parent=13349"}],"curies":[{"name":"wp","href":"https:\/\/api.w.org\/{rel}","templated":true}]}}