{"id":14886,"date":"2024-02-18T23:45:03","date_gmt":"2024-02-18T23:45:03","guid":{"rendered":"https:\/\/nex.vamtam.com\/?page_id=14886"},"modified":"2024-12-20T22:36:10","modified_gmt":"2024-12-20T21:36:10","slug":"kontakt","status":"publish","type":"page","link":"https:\/\/ecoglobal.ba\/bs\/kontakt\/","title":{"rendered":"Kontakt"},"content":{"rendered":"<div class=\"vgblk-rw-wrapper limit-wrapper\">\n<h2>\n\tImate upit <b>za nas?<\/b>\n\t<\/h2>\n\tMo\u017eete nam poslati i upit putem kontakt forme na ovoj stranici. Stojimo na raspolaganju za sve va\u0161e upite.<br \/>\nSponzorirani \u010dlanak Prona\u0111ite ne\u0161to za svakoga u na\u0161oj kolekciji \u0161arenih, svijetlih i elegantnih \u010darapa. Kupujte pojedina\u010dno ili u paketima da dodate boju svom <a href=\"https:\/\/www.high-endrolex.com\/\">sock<\/a> crta\u010d!\n\tNotice: JavaScript is required for this content.\n        <!-- That data is being printed as a workaround to page builders reordering the order of the scripts loaded-->\n\t\t<iframe src=\"https:\/\/maps.google.com\/maps?q=Eco+Global+d.o.o.%2C+Boljani%C4%87%2C+Bosna+i+Hercegovina&#038;iwloc=near&#038;output=embed\" height=\"500\" frameborder=\"0\" loading=\"lazy\"><\/iframe>\n\n<\/div><!-- .vgblk-rw-wrapper -->","protected":false},"excerpt":{"rendered":"<p>Imate upit za nas? Mo\u017eete nam poslati i upit putem kontakt forme na ovoj stranici. Stojimo na raspolaganju za sve va\u0161e upite. Sponzorirani \u010dlanak Prona\u0111ite ne\u0161to za svakoga u na\u0161oj kolekciji \u0161arenih, svijetlih i elegantnih \u010darapa. Kupujte pojedina\u010dno ili u paketima da dodate boju svom sock crta\u010d! Notice: JavaScript is required for this content.<\/p>\n","protected":false},"author":1,"featured_media":0,"parent":0,"menu_order":0,"comment_status":"closed","ping_status":"closed","template":"","meta":{"inline_featured_image":false,"ngg_post_thumbnail":0,"footnotes":""},"class_list":["post-14886","page","type-page","status-publish","hentry"],"_links":{"self":[{"href":"https:\/\/ecoglobal.ba\/bs\/wp-json\/wp\/v2\/pages\/14886","targetHints":{"allow":["GET"]}}],"collection":[{"href":"https:\/\/ecoglobal.ba\/bs\/wp-json\/wp\/v2\/pages"}],"about":[{"href":"https:\/\/ecoglobal.ba\/bs\/wp-json\/wp\/v2\/types\/page"}],"author":[{"embeddable":true,"href":"https:\/\/ecoglobal.ba\/bs\/wp-json\/wp\/v2\/users\/1"}],"replies":[{"embeddable":true,"href":"https:\/\/ecoglobal.ba\/bs\/wp-json\/wp\/v2\/comments?post=14886"}],"version-history":[{"count":14,"href":"https:\/\/ecoglobal.ba\/bs\/wp-json\/wp\/v2\/pages\/14886\/revisions"}],"predecessor-version":[{"id":988346,"href":"https:\/\/ecoglobal.ba\/bs\/wp-json\/wp\/v2\/pages\/14886\/revisions\/988346"}],"wp:attachment":[{"href":"https:\/\/ecoglobal.ba\/bs\/wp-json\/wp\/v2\/media?parent=14886"}],"curies":[{"name":"wp","href":"https:\/\/api.w.org\/{rel}","templated":true}]}}