{"id":11419,"date":"2016-12-05T16:29:56","date_gmt":"2016-12-05T16:29:56","guid":{"rendered":"https:\/\/nex.vamtam.com\/?page_id=11419"},"modified":"2025-02-21T04:06:28","modified_gmt":"2025-02-21T03:06:28","slug":"home","status":"publish","type":"page","link":"https:\/\/ecoglobal.ba\/de\/","title":{"rendered":"Home"},"content":{"rendered":"<div class=\"vgblk-rw-wrapper limit-wrapper\">\n\n\t\t\t\t\t\t\t<img loading=\"lazy\" decoding=\"async\" src=\"https:\/\/ecoglobal.ba\/wp-content\/uploads\/2024\/02\/1-1-150x150.png\" alt=\"1\" itemprop=\"image\" height=\"150\" width=\"150\" title=\"1\" onerror=\"this.style.display='none'\"  sizes=\"auto, (max-width: 768px) 100vw, 100vw\" srcset=\"https:\/\/ecoglobal.ba\/wp-content\/uploads\/2024\/02\/1-1-150x150.png 150w, https:\/\/ecoglobal.ba\/wp-content\/uploads\/2024\/02\/1-1-300x300.png 300w, https:\/\/ecoglobal.ba\/wp-content\/uploads\/2024\/02\/1-1-768x768.png 768w, https:\/\/ecoglobal.ba\/wp-content\/uploads\/2024\/02\/1-1-12x12.png 12w, https:\/\/ecoglobal.ba\/wp-content\/uploads\/2024\/02\/1-1-630x630.png 630w, https:\/\/ecoglobal.ba\/wp-content\/uploads\/2024\/02\/1-1-420x420.png 420w, https:\/\/ecoglobal.ba\/wp-content\/uploads\/2024\/02\/1-1-840x840.png 840w, https:\/\/ecoglobal.ba\/wp-content\/uploads\/2024\/02\/1-1-315x315.png 315w, https:\/\/ecoglobal.ba\/wp-content\/uploads\/2024\/02\/1-1.png 898w\" \/>\t\t\t\t\t\t\t\n<h3>\n\t\t\t<a href=\"\/nase-usluge\" title=\"CNC-Fr\u00e4sen\" target=\"_self\">\n\tCNC-Fr\u00e4sen\n\t\t\t<\/a>\n\t<\/h3>\n\t<p>Die Herstellung Ihrer Teile, Positionen oder Produkte erfolgt auf neuen Maschinen mit hochwertigen Werkzeugen, was es uns nicht nur erm\u00f6glicht, eine breite Palette verschiedener Metallprodukte herzustellen, sondern diese auch mit sehr engen Toleranzen zu fertigen.<\/p>\n\t\t\t\t\t\t\t<img loading=\"lazy\" decoding=\"async\" src=\"https:\/\/ecoglobal.ba\/wp-content\/uploads\/2024\/02\/2-1-150x150.png\" alt=\"2\" itemprop=\"image\" height=\"150\" width=\"150\" title=\"2\" onerror=\"this.style.display='none'\"  sizes=\"auto, (max-width: 768px) 100vw, 100vw\" srcset=\"https:\/\/ecoglobal.ba\/wp-content\/uploads\/2024\/02\/2-1-150x150.png 150w, https:\/\/ecoglobal.ba\/wp-content\/uploads\/2024\/02\/2-1-300x300.png 300w, https:\/\/ecoglobal.ba\/wp-content\/uploads\/2024\/02\/2-1-768x768.png 768w, https:\/\/ecoglobal.ba\/wp-content\/uploads\/2024\/02\/2-1-12x12.png 12w, https:\/\/ecoglobal.ba\/wp-content\/uploads\/2024\/02\/2-1-630x630.png 630w, https:\/\/ecoglobal.ba\/wp-content\/uploads\/2024\/02\/2-1-420x420.png 420w, https:\/\/ecoglobal.ba\/wp-content\/uploads\/2024\/02\/2-1-840x840.png 840w, https:\/\/ecoglobal.ba\/wp-content\/uploads\/2024\/02\/2-1-315x315.png 315w, https:\/\/ecoglobal.ba\/wp-content\/uploads\/2024\/02\/2-1.png 898w\" \/>\t\t\t\t\t\t\t\n<h3>\n\t\t\t<a href=\"\/nase-usluge\" title=\"CNC-Drehen\" target=\"_self\">\n\tCNC-Drehen\n\t\t\t<\/a>\n\t<\/h3>\n\t<p>F\u00fcr Produkte, die auf Drehmaschinen gefertigt werden k\u00f6nnen, sei es in Einzel- oder Serienfertigung, verwenden wir computergesteuerte Drehmaschinen der neuesten Generation, mit denen komplexe Oberfl\u00e4chen erzielt und eine hohe Verarbeitungsqualit\u00e4t erreicht werden kann.<\/p>\n\t\t\t\t\t\t\t<img loading=\"lazy\" decoding=\"async\" src=\"https:\/\/ecoglobal.ba\/wp-content\/uploads\/2024\/02\/3-1-150x150.png\" alt=\"3\" itemprop=\"image\" height=\"150\" width=\"150\" title=\"3\" onerror=\"this.style.display='none'\"  sizes=\"auto, (max-width: 768px) 100vw, 100vw\" srcset=\"https:\/\/ecoglobal.ba\/wp-content\/uploads\/2024\/02\/3-1-150x150.png 150w, https:\/\/ecoglobal.ba\/wp-content\/uploads\/2024\/02\/3-1-300x300.png 300w, https:\/\/ecoglobal.ba\/wp-content\/uploads\/2024\/02\/3-1-768x768.png 768w, https:\/\/ecoglobal.ba\/wp-content\/uploads\/2024\/02\/3-1-12x12.png 12w, https:\/\/ecoglobal.ba\/wp-content\/uploads\/2024\/02\/3-1-630x630.png 630w, https:\/\/ecoglobal.ba\/wp-content\/uploads\/2024\/02\/3-1-420x420.png 420w, https:\/\/ecoglobal.ba\/wp-content\/uploads\/2024\/02\/3-1-840x840.png 840w, https:\/\/ecoglobal.ba\/wp-content\/uploads\/2024\/02\/3-1-315x315.png 315w, https:\/\/ecoglobal.ba\/wp-content\/uploads\/2024\/02\/3-1.png 898w\" \/>\t\t\t\t\t\t\t\n<h3>\n\t\t\t<a href=\"\/nase-usluge\" title=\"CAD\/CAM-Design\" target=\"_self\">\n\tCAD\/CAM-Design\n\t\t\t<\/a>\n\t<\/h3>\n\t<p>Alle unsere Projekte reichen vom Design \u00fcber 3D-Modelle bis hin zum G-Code, der aus der CAM-Software stammt. Aufgrund der Qualit\u00e4t der Maschinen und unserer Erfahrung in der Modellierung komplexer Oberfl\u00e4chen k\u00f6nnen wir nahezu jedes Ihrer Produkte herstellen.<\/p>\n<h5>\n\tECOGLOBAL\n\t<\/h5>\n\t<h2>Qualit\u00e4t, Pr\u00e4zision,<br \/>\n<strong>innovative L\u00f6sungen.<\/strong><\/h2>\n\t<p>Unsere Mission ist es, Ihr Gesch\u00e4ft durch innovative Metallverarbeitungsprozesse voranzubringen, w\u00e4hrend wir gleichzeitig hohe Nachhaltigkeitsstandards bewahren. Unser Team von Experten mit reicher Erfahrung in der Branche ist der Bereitstellung personalisierter L\u00f6sungen gewidmet, die auf die spezifischen Bed\u00fcrfnisse jedes Kunden zugeschnitten sind.<\/p>\n<p> Jutarnja slava brzo raste, pogodna je za penjanje i cvjeta ljeti. <\/p>\n<p>Direktor: Miodrag Todorovi\u0107<\/p>\n\t\t\t\t\t\t\t<img loading=\"lazy\" decoding=\"async\" src=\"https:\/\/ecoglobal.ba\/wp-content\/uploads\/2024\/04\/signature-1.png\" alt=\"signature (1)\" itemprop=\"image\" height=\"54\" width=\"250\" title=\"signature (1)\" onerror=\"this.style.display='none'\"  sizes=\"auto, (max-width: 768px) 100vw, 100vw\" srcset=\"https:\/\/ecoglobal.ba\/wp-content\/uploads\/2024\/04\/signature-1.png 250w, https:\/\/ecoglobal.ba\/wp-content\/uploads\/2024\/04\/signature-1-18x4.png 18w\" \/>\t\t\t\t\t\t\t\n<h2>\n\tSeit 10 Jahren\n\t<\/h2>\n\t<p>verschieben wir die Grenzen der Metallverarbeitung.<\/p>\n\t<a href=\"https:\/\/www.youtube.com\/watch?v=zCXt1iDpqhk\" target=\"_blank\" role=\"button\"  data-vamtam-lightbox=\"&lt;div class=&quot;vamtam-video-frame&quot;&gt;&lt;iframe title=&quot;ECO GLOBAL corporate video&quot; width=&quot;1260&quot; height=&quot;709&quot; src=&quot;https:\/\/www.youtube.com\/embed\/zCXt1iDpqhk?feature=oembed&quot; frameborder=&quot;0&quot; allow=&quot;accelerometer; autoplay; clipboard-write; encrypted-media; gyroscope; picture-in-picture; web-share&quot; allowfullscreen&gt;&lt;\/iframe&gt;&lt;\/div&gt;\"style=\"font-size:14px;line-height:16px;padding:16px 32px;\">\n\t\t\t\t\tVideo abspielen\n\t<\/a>\n<h2>\n\t<b>Zus\u00e4tzlich <\/b>Dienstleistungen\n\t<\/h2>\n\t<p>\u00dcber unsere Subunternehmer bieten wir unseren Kunden verschiedene Oberfl\u00e4chen- und technische Dienstleistungen an.<\/p>\n\t\t\tW\u00e4rmedienstleistungen\n\t\t<p>\u25aa\ufe0f Nitrieren<br \/>\u25aa\ufe0f Temperieren<br \/>\u25aa\ufe0f Vakuumh\u00e4rten<br \/>\u25aa\ufe0f Induktionsh\u00e4rten<\/p>\n\t\t\tOberfl\u00e4chenschutz\n\t\t<p>\u25aa\ufe0f Eloxieren (nat\u00fcrlich, hart und farbig)<br \/>\u25aa\ufe0f Vernickelung<br \/>\u25aa\ufe0f Verzinkung<br \/>\u25aa\ufe0f Br\u00fcning<br \/>\u25aa\ufe0f Malen<\/p>\n<h2>\n\t<b>Maschinen und Ger\u00e4te<\/b>\n\t<\/h2>\n\t<p>Die Herstellung Ihrer Teile, Positionen oder Produkte erfolgt auf neuen Maschinen mit hochwertigen Werkzeugen, was es uns nicht nur erm\u00f6glicht, eine breite Palette verschiedener Metallprodukte herzustellen, sondern diese auch mit sehr engen Toleranzen zu fertigen.<\/p>\n\t<a href=\"\/nase-usluge\" target=\"_self\" role=\"button\">\n\t\t\t\t\tUnsere Dienstleistungen\n\t<\/a>\n<h3>\n\t\t\t<a href=\"https:\/\/www.haascnc.com\/hr\/machines\/vertical-mills\/vf-series\/models\/small\/vf-2ss.html\" title=\"HAAS VF-2 SS\" target=\"_blank\">\n\tHAAS VF-2 SS\n\t\t\t<\/a>\n\t<\/h3>\n\t\t\t\t<a href=\"https:\/\/www.haascnc.com\/hr\/machines\/vertical-mills\/vf-series\/models\/small\/vf-2ss.html\" target=\"_blank\" rel=\"noopener\"  itemprop=\"url\" title=\"HAAS_VF-2_SS\">\n\t\t\t\t\t\t\t<img loading=\"lazy\" decoding=\"async\" src=\"https:\/\/ecoglobal.ba\/wp-content\/uploads\/2018\/04\/HAAS_VF-2_SS.png\" alt=\"HAAS_VF-2_SS\" itemprop=\"image\" height=\"600\" width=\"800\" data-link-type=\"url\" title=\"HAAS_VF-2_SS\" onerror=\"this.style.display='none'\" srcset=\"https:\/\/ecoglobal.ba\/wp-content\/uploads\/2018\/04\/HAAS_VF-2_SS.png 800w, https:\/\/ecoglobal.ba\/wp-content\/uploads\/2018\/04\/HAAS_VF-2_SS-300x225.png 300w, https:\/\/ecoglobal.ba\/wp-content\/uploads\/2018\/04\/HAAS_VF-2_SS-768x576.png 768w, https:\/\/ecoglobal.ba\/wp-content\/uploads\/2018\/04\/HAAS_VF-2_SS-16x12.png 16w, https:\/\/ecoglobal.ba\/wp-content\/uploads\/2018\/04\/HAAS_VF-2_SS-630x473.png 630w, https:\/\/ecoglobal.ba\/wp-content\/uploads\/2018\/04\/HAAS_VF-2_SS-420x315.png 420w, https:\/\/ecoglobal.ba\/wp-content\/uploads\/2018\/04\/HAAS_VF-2_SS-315x236.png 315w\" sizes=\"auto, (max-width: 800px) 100vw, 800px\" \/>\t\t\t\t\t\t<\/a>\n<h3>\n\t\t\t<a href=\"https:\/\/www.haascnc.com\/machines\/vertical-mills\/vf-series\/models\/medium\/vf-4ss.html\" title=\"HAAS VF-4 SS\" target=\"_blank\">\n\tHAAS VF-4 SS\n\t\t\t<\/a>\n\t<\/h3>\n\t\t\t\t<a href=\"https:\/\/www.haascnc.com\/machines\/vertical-mills\/vf-series\/models\/medium\/vf-4ss.html\" target=\"_blank\" rel=\"noopener\"  itemprop=\"url\" title=\"HAAS_VF-4_SS\">\n\t\t\t\t\t\t\t<img loading=\"lazy\" decoding=\"async\" src=\"https:\/\/ecoglobal.ba\/wp-content\/uploads\/2018\/04\/HAAS_VF-4_SS.png\" alt=\"HAAS_VF-4_SS\" itemprop=\"image\" height=\"600\" width=\"800\" data-link-type=\"url\" title=\"HAAS_VF-4_SS\" onerror=\"this.style.display='none'\" srcset=\"https:\/\/ecoglobal.ba\/wp-content\/uploads\/2018\/04\/HAAS_VF-4_SS.png 800w, https:\/\/ecoglobal.ba\/wp-content\/uploads\/2018\/04\/HAAS_VF-4_SS-300x225.png 300w, https:\/\/ecoglobal.ba\/wp-content\/uploads\/2018\/04\/HAAS_VF-4_SS-768x576.png 768w, https:\/\/ecoglobal.ba\/wp-content\/uploads\/2018\/04\/HAAS_VF-4_SS-16x12.png 16w, https:\/\/ecoglobal.ba\/wp-content\/uploads\/2018\/04\/HAAS_VF-4_SS-630x473.png 630w, https:\/\/ecoglobal.ba\/wp-content\/uploads\/2018\/04\/HAAS_VF-4_SS-420x315.png 420w, https:\/\/ecoglobal.ba\/wp-content\/uploads\/2018\/04\/HAAS_VF-4_SS-315x236.png 315w\" sizes=\"auto, (max-width: 800px) 100vw, 800px\" \/>\t\t\t\t\t\t<\/a>\n<h3>\n\t\t\t<a href=\"https:\/\/www.haascnc.com\/hr\/Community\/pre-install-guide\/ST-20.html\" title=\"HAAS ST-20\" target=\"_blank\">\n\tHAAS ST-20\n\t\t\t<\/a>\n\t<\/h3>\n\t\t\t\t<a href=\"https:\/\/www.haascnc.com\/hr\/Community\/pre-install-guide\/ST-20.html\" target=\"_blank\" rel=\"noopener\"  itemprop=\"url\" title=\"HAAS_ST-20\">\n\t\t\t\t\t\t\t<img loading=\"lazy\" decoding=\"async\" src=\"https:\/\/ecoglobal.ba\/wp-content\/uploads\/2018\/04\/HAAS_ST-20.png\" alt=\"HAAS_ST-20\" itemprop=\"image\" height=\"1920\" width=\"2880\" data-link-type=\"url\" title=\"HAAS_ST-20\" onerror=\"this.style.display='none'\" srcset=\"https:\/\/ecoglobal.ba\/wp-content\/uploads\/2018\/04\/HAAS_ST-20.png 2880w, https:\/\/ecoglobal.ba\/wp-content\/uploads\/2018\/04\/HAAS_ST-20-300x200.png 300w, https:\/\/ecoglobal.ba\/wp-content\/uploads\/2018\/04\/HAAS_ST-20-1024x683.png 1024w, https:\/\/ecoglobal.ba\/wp-content\/uploads\/2018\/04\/HAAS_ST-20-768x512.png 768w, https:\/\/ecoglobal.ba\/wp-content\/uploads\/2018\/04\/HAAS_ST-20-1536x1024.png 1536w, https:\/\/ecoglobal.ba\/wp-content\/uploads\/2018\/04\/HAAS_ST-20-2048x1365.png 2048w, https:\/\/ecoglobal.ba\/wp-content\/uploads\/2018\/04\/HAAS_ST-20-18x12.png 18w, https:\/\/ecoglobal.ba\/wp-content\/uploads\/2018\/04\/HAAS_ST-20-1260x840.png 1260w, https:\/\/ecoglobal.ba\/wp-content\/uploads\/2018\/04\/HAAS_ST-20-630x420.png 630w, https:\/\/ecoglobal.ba\/wp-content\/uploads\/2018\/04\/HAAS_ST-20-420x280.png 420w, https:\/\/ecoglobal.ba\/wp-content\/uploads\/2018\/04\/HAAS_ST-20-840x560.png 840w, https:\/\/ecoglobal.ba\/wp-content\/uploads\/2018\/04\/HAAS_ST-20-315x210.png 315w\" sizes=\"auto, (max-width: 2880px) 100vw, 2880px\" \/>\t\t\t\t\t\t<\/a>\n<h3>\n\t\t\t<a href=\"https:\/\/en.dmgmori.com\/products\/machines\/milling\/5-axis-milling\/cmx-u\/cmx-50-u\" title=\"DMG CMX 50U\" target=\"_blank\">\n\tDMG CMX 50U\n\t\t\t<\/a>\n\t<\/h3>\n\t\t\t\t<a href=\"https:\/\/en.dmgmori.com\/products\/machines\/milling\/5-axis-milling\/cmx-u\/cmx-50-u\" target=\"_blank\" rel=\"noopener\"  itemprop=\"url\" title=\"DMG_CMX_50U\">\n\t\t\t\t\t\t\t<img loading=\"lazy\" decoding=\"async\" src=\"https:\/\/ecoglobal.ba\/wp-content\/uploads\/2018\/04\/DMG_CMX_50U.png\" alt=\"DMG_CMX_50U\" itemprop=\"image\" height=\"451\" width=\"538\" data-link-type=\"url\" title=\"DMG_CMX_50U\" onerror=\"this.style.display='none'\" srcset=\"https:\/\/ecoglobal.ba\/wp-content\/uploads\/2018\/04\/DMG_CMX_50U.png 538w, https:\/\/ecoglobal.ba\/wp-content\/uploads\/2018\/04\/DMG_CMX_50U-300x251.png 300w, https:\/\/ecoglobal.ba\/wp-content\/uploads\/2018\/04\/DMG_CMX_50U-14x12.png 14w, https:\/\/ecoglobal.ba\/wp-content\/uploads\/2018\/04\/DMG_CMX_50U-420x352.png 420w, https:\/\/ecoglobal.ba\/wp-content\/uploads\/2018\/04\/DMG_CMX_50U-315x264.png 315w\" sizes=\"auto, (max-width: 538px) 100vw, 538px\" \/>\t\t\t\t\t\t<\/a>\n<h3>\n\t\t\t<a href=\"https:\/\/en.dmgmori.com\/products\/machines\/milling\/vertical-milling\/m\/m1\" title=\"DMG M1 PRO\" target=\"_blank\">\n\tDMG M1 PRO\n\t\t\t<\/a>\n\t<\/h3>\n\t\t\t\t<a href=\"https:\/\/en.dmgmori.com\/products\/machines\/milling\/vertical-milling\/m\/m1\" target=\"_blank\" rel=\"noopener\"  itemprop=\"url\" title=\"DMG M1 PRO\">\n\t\t\t\t\t\t\t<img loading=\"lazy\" decoding=\"async\" src=\"https:\/\/ecoglobal.ba\/wp-content\/uploads\/2018\/04\/DMG-M1-PRO.png\" alt=\"DMG M1 PRO\" itemprop=\"image\" height=\"472\" width=\"630\" data-link-type=\"url\" title=\"DMG M1 PRO\" onerror=\"this.style.display='none'\" srcset=\"https:\/\/ecoglobal.ba\/wp-content\/uploads\/2018\/04\/DMG-M1-PRO.png 630w, https:\/\/ecoglobal.ba\/wp-content\/uploads\/2018\/04\/DMG-M1-PRO-300x225.png 300w, https:\/\/ecoglobal.ba\/wp-content\/uploads\/2018\/04\/DMG-M1-PRO-16x12.png 16w, https:\/\/ecoglobal.ba\/wp-content\/uploads\/2018\/04\/DMG-M1-PRO-420x315.png 420w, https:\/\/ecoglobal.ba\/wp-content\/uploads\/2018\/04\/DMG-M1-PRO-315x236.png 315w\" sizes=\"auto, (max-width: 630px) 100vw, 630px\" \/>\t\t\t\t\t\t<\/a>\n\t<h2><strong>Innovative<\/strong><br \/>\nTechnologien<\/h2>\n\t<p>Unsere Hingabe an technologischen Fortschritt erm\u00f6glicht es uns, erstklassige innovative L\u00f6sungen zu liefern, die die Art und Weise der Metallverarbeitung transformieren.<\/p>\n\t\u25ce \u00a0 \u00a0Neueste Technologie<br \/>\n\u25ce \u00a0 \u00a0Digitalisierung der Produktion<br \/>\n\u25ce \u00a0 \u00a0Nachhaltige Materialien<br \/>\n\u25ce \u00a0 \u00a0Automatisierung und Robotik\n\t<a href=\"https:\/\/ecoglobal.ba\/nase-usluge\" target=\"_self\" role=\"button\">\n\t\t\t\t\tUnsere Dienstleistungen\n\t<\/a>\n\t<h2><strong>\u00d6kologische<\/strong><br \/>\nNachhaltigkeit<\/h2>\n\t<p>Unser Unternehmen basiert auf dem Grundprinzip der \u00f6kologischen Nachhaltigkeit, das jeden Aspekt unseres Gesch\u00e4fts pr\u00e4gt und uns in eine bessere Zukunft f\u00fcr uns alle f\u00fchrt.<\/p>\n\t<a href=\"https:\/\/ecoglobal.ba\/eco-odrzivost\" target=\"_self\" role=\"button\">\n\t\t\t\t\tEco Nachhaltigkeit\n\t<\/a>\n<h4>\n\tUMWELT\n\t<\/h4>\n\t<p>Unsere Produktionsprozesse sind darauf ausgelegt, die negativen Auswirkungen auf die Umwelt zu minimieren. Wir implementieren Materialrecyclingstrategien, optimieren die Energieeffizienz und wenden \u00f6kologische Technologien an, um Emissionen zu reduzieren und eine nachhaltige Produktionspraxis zu schaffen.<\/p>\n<h4>\n\tSICHERHEIT\n\t<\/h4>\n\t<p>Wir wenden modernste Sicherheitstechniken an, um sicherzustellen, dass jeder Aspekt unseres Gesch\u00e4fts die h\u00f6chsten Standards der Branche erf\u00fcllt. Dies beinhaltet kontinuierliche Weiterbildung, strenge Verfahren und Investitionen in Ausr\u00fcstung, die maximalen Schutz bietet.<\/p>\n<h4>\n\tINTEGRIT\u00c4T\n\t<\/h4>\n\t<p>Wir bewahren Integrit\u00e4t durch transparentes Gesch\u00e4ftsgebaren und die Einhaltung ethischer Grunds\u00e4tze. Unser Ansatz zur Integrit\u00e4t ist umfassend, indem wir Lieferanten ausw\u00e4hlen, die unsere Werte teilen, und uns auf Praktiken konzentrieren, die Verantwortung gegen\u00fcber der Gemeinschaft und der Gesellschaft als Ganzes widerspiegeln.<\/p>\n<h5>\n\tARBEIT\n\t<\/h5>\n\t<h2>Schlie\u00dfe dich<br \/>\n<strong>unserem Team an<\/strong><\/h2>\n\t<p>Willkommen bei Eco Global, wo Ihre Karriere zu einer inspirierenden Reise in Richtung technischer Perfektion und nachhaltigem Gesch\u00e4ft wird. Wenn Sie innovativ sind und bereit, die Grenzen in der Metallverarbeitung zu verschieben, laden wir Sie ein, sich unserem dynamischen Team anzuschlie\u00dfen.<\/p>\n\t<a href=\"https:\/\/ecoglobal.ba\/kontakt\/\" target=\"_self\" role=\"button\">\n\t\t\t\t\tBewirb dich heute\n\t<\/a>\n\t<h2>Unsere Referenzen<\/h2>\n\n<\/div><!-- .vgblk-rw-wrapper -->","protected":false},"excerpt":{"rendered":"<p>CNC GLODANJE Izradu va\u0161ih dijelova, pozicija ili proizvoda vr\u0161imo na novim ma\u0161inama sa kvalitetnim prate\u0107im alatima, \u0161to nam omogu\u0107ava ne samo da izra\u0111ujemo \u0161irok spektar razli\u010ditih metalnih proizvoda, nego da ih izra\u0111ujemo i u veoma uskim tolerancijama. CNC TOKARENJE Za proizvode prikladne izradi na tokarskom stroju, bili oni u jedini\u010dnoj ili serijskoj proizvodnji, koristimo kompjuterski&#8230;<\/p>","protected":false},"author":1,"featured_media":0,"parent":0,"menu_order":0,"comment_status":"closed","ping_status":"closed","template":"","meta":{"inline_featured_image":false,"ngg_post_thumbnail":0,"footnotes":""},"class_list":["post-11419","page","type-page","status-publish","hentry"],"_links":{"self":[{"href":"https:\/\/ecoglobal.ba\/de\/wp-json\/wp\/v2\/pages\/11419","targetHints":{"allow":["GET"]}}],"collection":[{"href":"https:\/\/ecoglobal.ba\/de\/wp-json\/wp\/v2\/pages"}],"about":[{"href":"https:\/\/ecoglobal.ba\/de\/wp-json\/wp\/v2\/types\/page"}],"author":[{"embeddable":true,"href":"https:\/\/ecoglobal.ba\/de\/wp-json\/wp\/v2\/users\/1"}],"replies":[{"embeddable":true,"href":"https:\/\/ecoglobal.ba\/de\/wp-json\/wp\/v2\/comments?post=11419"}],"version-history":[{"count":39,"href":"https:\/\/ecoglobal.ba\/de\/wp-json\/wp\/v2\/pages\/11419\/revisions"}],"predecessor-version":[{"id":988348,"href":"https:\/\/ecoglobal.ba\/de\/wp-json\/wp\/v2\/pages\/11419\/revisions\/988348"}],"wp:attachment":[{"href":"https:\/\/ecoglobal.ba\/de\/wp-json\/wp\/v2\/media?parent=11419"}],"curies":[{"name":"wp","href":"https:\/\/api.w.org\/{rel}","templated":true}]}}