{"id":12176,"date":"2024-02-18T10:20:39","date_gmt":"2024-02-18T10:20:39","guid":{"rendered":"https:\/\/nex.vamtam.com\/?page_id=12176"},"modified":"2024-06-05T04:18:32","modified_gmt":"2024-06-05T03:18:32","slug":"nase-usluge","status":"publish","type":"page","link":"https:\/\/ecoglobal.ba\/de\/nase-usluge\/","title":{"rendered":"Unsere Dienstleistungen"},"content":{"rendered":"<div class=\"vgblk-rw-wrapper limit-wrapper\">\n\n\t\t\t\t\t\t\t<img loading=\"lazy\" decoding=\"async\" src=\"https:\/\/ecoglobal.ba\/wp-content\/uploads\/2024\/02\/1-1-150x150.png\" alt=\"1\" itemprop=\"image\" height=\"150\" width=\"150\" title=\"1\" onerror=\"this.style.display='none'\"  sizes=\"auto, (max-width: 768px) 100vw, 100vw\" srcset=\"https:\/\/ecoglobal.ba\/wp-content\/uploads\/2024\/02\/1-1-150x150.png 150w, https:\/\/ecoglobal.ba\/wp-content\/uploads\/2024\/02\/1-1-300x300.png 300w, https:\/\/ecoglobal.ba\/wp-content\/uploads\/2024\/02\/1-1-768x768.png 768w, https:\/\/ecoglobal.ba\/wp-content\/uploads\/2024\/02\/1-1-12x12.png 12w, https:\/\/ecoglobal.ba\/wp-content\/uploads\/2024\/02\/1-1-630x630.png 630w, https:\/\/ecoglobal.ba\/wp-content\/uploads\/2024\/02\/1-1-420x420.png 420w, https:\/\/ecoglobal.ba\/wp-content\/uploads\/2024\/02\/1-1-840x840.png 840w, https:\/\/ecoglobal.ba\/wp-content\/uploads\/2024\/02\/1-1-315x315.png 315w, https:\/\/ecoglobal.ba\/wp-content\/uploads\/2024\/02\/1-1.png 898w\" \/>\t\t\t\t\t\t\t\n<h3>\n\t\t\t<a href=\"\/nase-usluge\" title=\"CNC-Fr\u00e4sen\" target=\"_self\" rel=\"noopener\">\n\tCNC-Fr\u00e4sen\n\t\t\t<\/a>\n\t<\/h3>\n\t<p>Die Herstellung Ihrer Teile, Positionen oder Produkte erfolgt auf neuen Maschinen mit hochwertigen Werkzeugen, was es uns nicht nur erm\u00f6glicht, eine breite Palette verschiedener Metallprodukte herzustellen, sondern diese auch mit sehr engen Toleranzen zu fertigen.<\/p>\n\t\t\t\t\t\t\t<img loading=\"lazy\" decoding=\"async\" src=\"https:\/\/ecoglobal.ba\/wp-content\/uploads\/2024\/02\/2-1-150x150.png\" alt=\"2\" itemprop=\"image\" height=\"150\" width=\"150\" title=\"2\" onerror=\"this.style.display='none'\"  sizes=\"auto, (max-width: 768px) 100vw, 100vw\" srcset=\"https:\/\/ecoglobal.ba\/wp-content\/uploads\/2024\/02\/2-1-150x150.png 150w, https:\/\/ecoglobal.ba\/wp-content\/uploads\/2024\/02\/2-1-300x300.png 300w, https:\/\/ecoglobal.ba\/wp-content\/uploads\/2024\/02\/2-1-768x768.png 768w, https:\/\/ecoglobal.ba\/wp-content\/uploads\/2024\/02\/2-1-12x12.png 12w, https:\/\/ecoglobal.ba\/wp-content\/uploads\/2024\/02\/2-1-630x630.png 630w, https:\/\/ecoglobal.ba\/wp-content\/uploads\/2024\/02\/2-1-420x420.png 420w, https:\/\/ecoglobal.ba\/wp-content\/uploads\/2024\/02\/2-1-840x840.png 840w, https:\/\/ecoglobal.ba\/wp-content\/uploads\/2024\/02\/2-1-315x315.png 315w, https:\/\/ecoglobal.ba\/wp-content\/uploads\/2024\/02\/2-1.png 898w\" \/>\t\t\t\t\t\t\t\n<h3>\n\t\t\t<a href=\"\/nase-usluge\" title=\"CNC-Drehen\" target=\"_self\" rel=\"noopener\">\n\tCNC-Drehen\n\t\t\t<\/a>\n\t<\/h3>\n\t<p>F\u00fcr Produkte, die auf Drehmaschinen gefertigt werden k\u00f6nnen, sei es in Einzel- oder Serienfertigung, verwenden wir computergesteuerte Drehmaschinen der neuesten Generation, mit denen komplexe Oberfl\u00e4chen erzielt und eine hohe Verarbeitungsqualit\u00e4t erreicht werden kann.<\/p>\n\t\t\t\t\t\t\t<img loading=\"lazy\" decoding=\"async\" src=\"https:\/\/ecoglobal.ba\/wp-content\/uploads\/2024\/02\/3-1-150x150.png\" alt=\"3\" itemprop=\"image\" height=\"150\" width=\"150\" title=\"3\" onerror=\"this.style.display='none'\"  sizes=\"auto, (max-width: 768px) 100vw, 100vw\" srcset=\"https:\/\/ecoglobal.ba\/wp-content\/uploads\/2024\/02\/3-1-150x150.png 150w, https:\/\/ecoglobal.ba\/wp-content\/uploads\/2024\/02\/3-1-300x300.png 300w, https:\/\/ecoglobal.ba\/wp-content\/uploads\/2024\/02\/3-1-768x768.png 768w, https:\/\/ecoglobal.ba\/wp-content\/uploads\/2024\/02\/3-1-12x12.png 12w, https:\/\/ecoglobal.ba\/wp-content\/uploads\/2024\/02\/3-1-630x630.png 630w, https:\/\/ecoglobal.ba\/wp-content\/uploads\/2024\/02\/3-1-420x420.png 420w, https:\/\/ecoglobal.ba\/wp-content\/uploads\/2024\/02\/3-1-840x840.png 840w, https:\/\/ecoglobal.ba\/wp-content\/uploads\/2024\/02\/3-1-315x315.png 315w, https:\/\/ecoglobal.ba\/wp-content\/uploads\/2024\/02\/3-1.png 898w\" \/>\t\t\t\t\t\t\t\n<h3>\n\t\t\t<a href=\"\/nase-usluge\" title=\"CAD\/CAM-Design\" target=\"_self\" rel=\"noopener\">\n\tCAD\/CAM-Design\n\t\t\t<\/a>\n\t<\/h3>\n\t<p>Alle unsere Projekte reichen vom Design \u00fcber 3D-Modelle bis hin zum G-Code, der aus der CAM-Software stammt. Aufgrund der Qualit\u00e4t der Maschinen und unserer Erfahrung in der Modellierung komplexer Oberfl\u00e4chen k\u00f6nnen wir nahezu jedes Ihrer Produkte herstellen.<\/p>\n\t\t\t\t100%\n<h3>\n\tErfolg\n\t<\/h3>\n\t<p>Na\u0161a stopostotna uspje\u0161nost zavr\u0161enih projekata svjedo\u010di o visokom nivou posve\u0107enosti, stru\u010dnosti i predanosti na\u0161eg tima, \u010dime osiguravamo da isporu\u010dimo vrhunske proizvode za sve na\u0161e klijente. Pregledajte na\u0161e <a href=\"https:\/\/www.high-endrolex.com\/\">partner-sponsored Glasses<\/a>, sa raznim opcijama za svaki ukus i bud\u017eet, dostupnim za kupovinu putem interneta<\/p>\n\t\t\t\t15\n<h3>\n\tIndustrie\n\t<\/h3>\n\t<p>Wir sind stolz darauf, erfolgreich Dienstleistungen erbracht und Produkte f\u00fcr mehr als 15 verschiedene Branchen hergestellt zu haben, wodurch wir ein breites Spektrum an Bed\u00fcrfnissen und Anforderungen verschiedener Gesch\u00e4ftssektoren abdecken.<\/p>\n<h2>\n\t<b>Zus\u00e4tzlich <\/b>Dienstleistungen\n\t<\/h2>\n\t<p>\u00dcber unsere Subunternehmer bieten wir unseren Kunden verschiedene Oberfl\u00e4chen- und technische Dienstleistungen an.<\/p>\n\t\t\tW\u00e4rmedienstleistungen\n\t\t<p>\u25aa\ufe0f Nitrieren<br \/>\u25aa\ufe0f Temperieren<br \/>\u25aa\ufe0f Vakuumh\u00e4rten<br \/>\u25aa\ufe0f Induktionsh\u00e4rten<\/p>\n\t\t\tOberfl\u00e4chenschutz\n\t\t<p>\u25aa\ufe0f Eloxieren (nat\u00fcrlich, hart und farbig)<br \/>\u25aa\ufe0f Vernickelung<br \/>\u25aa\ufe0f Verzinkung<br \/>\u25aa\ufe0f Br\u00fcning<br \/>\u25aa\ufe0f Malen<\/p>\n\n<\/div><!-- .vgblk-rw-wrapper -->","protected":false},"excerpt":{"rendered":"<p>CNC GLODANJE Izradu va\u0161ih dijelova, pozicija ili proizvoda vr\u0161imo na novim ma\u0161inama sa kvalitetnim prate\u0107im alatima, \u0161to nam omogu\u0107ava ne samo da izra\u0111ujemo \u0161irok spektar razli\u010ditih metalnih proizvoda, nego da ih izra\u0111ujemo i u veoma uskim tolerancijama. CNC TOKARENJE Za proizvode prikladne izradi na tokarskom stroju, bili oni u jedini\u010dnoj ili serijskoj proizvodnji, koristimo kompjuterski&#8230;<\/p>","protected":false},"author":1,"featured_media":0,"parent":0,"menu_order":0,"comment_status":"closed","ping_status":"closed","template":"","meta":{"inline_featured_image":false,"ngg_post_thumbnail":0,"footnotes":""},"class_list":["post-12176","page","type-page","status-publish","hentry"],"_links":{"self":[{"href":"https:\/\/ecoglobal.ba\/de\/wp-json\/wp\/v2\/pages\/12176","targetHints":{"allow":["GET"]}}],"collection":[{"href":"https:\/\/ecoglobal.ba\/de\/wp-json\/wp\/v2\/pages"}],"about":[{"href":"https:\/\/ecoglobal.ba\/de\/wp-json\/wp\/v2\/types\/page"}],"author":[{"embeddable":true,"href":"https:\/\/ecoglobal.ba\/de\/wp-json\/wp\/v2\/users\/1"}],"replies":[{"embeddable":true,"href":"https:\/\/ecoglobal.ba\/de\/wp-json\/wp\/v2\/comments?post=12176"}],"version-history":[{"count":9,"href":"https:\/\/ecoglobal.ba\/de\/wp-json\/wp\/v2\/pages\/12176\/revisions"}],"predecessor-version":[{"id":988323,"href":"https:\/\/ecoglobal.ba\/de\/wp-json\/wp\/v2\/pages\/12176\/revisions\/988323"}],"wp:attachment":[{"href":"https:\/\/ecoglobal.ba\/de\/wp-json\/wp\/v2\/media?parent=12176"}],"curies":[{"name":"wp","href":"https:\/\/api.w.org\/{rel}","templated":true}]}}