{"id":13334,"date":"2024-02-18T12:46:27","date_gmt":"2024-02-18T12:46:27","guid":{"rendered":"https:\/\/nex.vamtam.com\/?page_id=13334"},"modified":"2025-02-21T04:08:37","modified_gmt":"2025-02-21T03:08:37","slug":"o-nama","status":"publish","type":"page","link":"https:\/\/ecoglobal.ba\/en\/o-nama\/","title":{"rendered":"About us"},"content":{"rendered":"<div class=\"vgblk-rw-wrapper limit-wrapper\">\n<h5>\n\tCompany\n\t<\/h5>\n<h2>\n\tEco<br \/><strong>Global<\/strong>\n\t<\/h2>\n\t\t\t\t\t\t\t<img loading=\"lazy\" decoding=\"async\" src=\"https:\/\/ecoglobal.ba\/wp-content\/uploads\/2024\/03\/o-nama-banner1.jpg\" alt=\"o-nama-banner1\" itemprop=\"image\" height=\"400\" width=\"1280\" title=\"o-nama-banner1\" onerror=\"this.style.display='none'\"  sizes=\"auto, (max-width: 768px) 100vw, 100vw\" srcset=\"https:\/\/ecoglobal.ba\/wp-content\/uploads\/2024\/03\/o-nama-banner1.jpg 1280w, https:\/\/ecoglobal.ba\/wp-content\/uploads\/2024\/03\/o-nama-banner1-300x94.jpg 300w, https:\/\/ecoglobal.ba\/wp-content\/uploads\/2024\/03\/o-nama-banner1-1024x320.jpg 1024w, https:\/\/ecoglobal.ba\/wp-content\/uploads\/2024\/03\/o-nama-banner1-768x240.jpg 768w, https:\/\/ecoglobal.ba\/wp-content\/uploads\/2024\/03\/o-nama-banner1-18x6.jpg 18w, https:\/\/ecoglobal.ba\/wp-content\/uploads\/2024\/03\/o-nama-banner1-1260x394.jpg 1260w, https:\/\/ecoglobal.ba\/wp-content\/uploads\/2024\/03\/o-nama-banner1-630x197.jpg 630w, https:\/\/ecoglobal.ba\/wp-content\/uploads\/2024\/03\/o-nama-banner1-420x131.jpg 420w, https:\/\/ecoglobal.ba\/wp-content\/uploads\/2024\/03\/o-nama-banner1-840x263.jpg 840w, https:\/\/ecoglobal.ba\/wp-content\/uploads\/2024\/03\/o-nama-banner1-315x98.jpg 315w\" \/>\t\t\t\t\t\t\t\n\t<p>Eco Global represents a company that excels in manufacturing, trading, and providing services in the broad field of metal processing. Our commitment to delivering unquestionable industrial quality, precision, and accuracy combined with preserving cost-effectiveness makes us an indispensable partner in your business.<\/p>\n<p>U srcu na\u0161e djelatnosti nalazi se predanost postizanju vrhunskog kvaliteta u svemu \u0161to radimo. Osvje\u017eavamo na\u0161u proizvodnju najnovijim tehnolo\u0161kim dostignu\u0107ima, koriste\u0107i nove ma\u0161ine i visokokvalitetne alate. Ova kombinacija nam omogu\u0107ava da zadovoljimo najstro\u017eije standarde kvaliteta, osiguravaju\u0107i da svaki proizvod odra\u017eava izuzetnu preciznost i trajnu vrijednost. Javorovo li\u0161\u0107e je kao vatra, pokriva stazu, kao slika.<\/p>\n<p>Na\u0161 cilj nije samo pru\u017eiti usluge, ve\u0107 izgraditi dugoro\u010dna partnerstva sa na\u0161im klijentima. Razumijemo jedinstvene potrebe svakog klijenta i prilago\u0111avamo na\u0161e usluge kako bismo osigurali njihovo potpuno zadovoljstvo. Ovo je osnova na\u0161eg poslovanja &#8211; pa\u017eljivo izgra\u0111ivati i njegovati radne odnose koji traju. Zajedno gradimo put ka zajedni\u010dkom uspjehu.<\/p>\n<p><strong>Dobrodo\u0161li u Eco Global &#8211; mjesto gdje kvalitet, odr\u017eivost i dugoro\u010dno partnerstvo susre\u0107u metalnu izvrsnost.<\/strong><\/p>\n<h5>\n\tCOMMITMENT TO PROGRESS\n\t<\/h5>\n<h2>\n\tInnovative<br \/><strong>Technologies<\/strong>\n\t<\/h2>\n<h4>\n\t\t\t<a href=\"\/nase-usluge\" title=\"Latest Technology\" target=\"_self\">\n\tLatest Technology\n\t\t\t<\/a>\n\t<\/h4>\n\t<p>We use cutting-edge technology to stay ahead of the curve, providing our clients with an advantage through innovative and efficient metal processing solutions.<\/p>\n<h4>\n\t\t\t<a href=\"\/nase-usluge\" title=\"Production Digitalization\" target=\"_self\">\n\tProduction Digitalization\n\t\t\t<\/a>\n\t<\/h4>\n\t<p>Our commitment to digital transformation in production enables us to optimize processes, reduce costs, and increase efficiency, keeping pace with the latest trends in Industry 4.0.<\/p>\n<h4>\n\t\t\t<a href=\"\/nase-usluge\" title=\"Sustainable Materials\" target=\"_self\">\n\tSustainable Materials\n\t\t\t<\/a>\n\t<\/h4>\n\t<p>We responsibly utilize materials that not only meet the highest quality standards but also support our commitment to environmental conservation and the promotion of sustainable practices in the metal industry.<\/p>\n<h4>\n\t\t\t<a href=\"\/nase-usluge\" title=\"Automation and Robotics\" target=\"_self\">\n\tAutomation and Robotics\n\t\t\t<\/a>\n\t<\/h4>\n\t<p>The integration of automation and robotics into our production processes increases precision, reduces the risk of errors, and enhances efficiency, placing us at the forefront of the metal processing industry.<\/p>\n<h5>\n\tWE THINK GLOBALLY\n\t<\/h5>\n<h2>\n\tEnvironmental <b>sustainability<\/b>\n\t<\/h2>\n\t<p>We are a company founded on the fundamental principle of environmental sustainability, shaping every aspect of our business, guiding us towards a better world tomorrow for all of us.<\/p>\n\t<a href=\"\/eco-odrzivost\" target=\"_self\" role=\"button\">\n\t\t\t\t\tEco sustainability\n\t<\/a>\n<h2>\n\t<b>Machines and equipment<\/b>\n\t<\/h2>\n\t<p>We manufacture your parts, positions, or products on new machines, accompanied by quality tools, allowing us not only to produce a wide range of different metal products but also to manufacture them with very precise tolerances.<\/p>\n\t<a href=\"\/nase-usluge\" target=\"_self\" role=\"button\">\n\t\t\t\t\tOur services\n\t<\/a>\n<h3>\n\t\t\t<a href=\"https:\/\/www.haascnc.com\/hr\/machines\/vertical-mills\/vf-series\/models\/small\/vf-2ss.html\" title=\"HAAS VF-2 SS\" target=\"_blank\">\n\tHAAS VF-2 SS\n\t\t\t<\/a>\n\t<\/h3>\n\t\t\t\t<a href=\"https:\/\/www.haascnc.com\/hr\/machines\/vertical-mills\/vf-series\/models\/small\/vf-2ss.html\" target=\"_blank\" rel=\"noopener\"  itemprop=\"url\" title=\"HAAS_VF-2_SS\">\n\t\t\t\t\t\t\t<img loading=\"lazy\" decoding=\"async\" src=\"https:\/\/ecoglobal.ba\/wp-content\/uploads\/2018\/04\/HAAS_VF-2_SS.png\" alt=\"HAAS_VF-2_SS\" itemprop=\"image\" height=\"600\" width=\"800\" data-link-type=\"url\" title=\"HAAS_VF-2_SS\" onerror=\"this.style.display='none'\" srcset=\"https:\/\/ecoglobal.ba\/wp-content\/uploads\/2018\/04\/HAAS_VF-2_SS.png 800w, https:\/\/ecoglobal.ba\/wp-content\/uploads\/2018\/04\/HAAS_VF-2_SS-300x225.png 300w, https:\/\/ecoglobal.ba\/wp-content\/uploads\/2018\/04\/HAAS_VF-2_SS-768x576.png 768w, https:\/\/ecoglobal.ba\/wp-content\/uploads\/2018\/04\/HAAS_VF-2_SS-16x12.png 16w, https:\/\/ecoglobal.ba\/wp-content\/uploads\/2018\/04\/HAAS_VF-2_SS-630x473.png 630w, https:\/\/ecoglobal.ba\/wp-content\/uploads\/2018\/04\/HAAS_VF-2_SS-420x315.png 420w, https:\/\/ecoglobal.ba\/wp-content\/uploads\/2018\/04\/HAAS_VF-2_SS-315x236.png 315w\" sizes=\"auto, (max-width: 800px) 100vw, 800px\" \/>\t\t\t\t\t\t<\/a>\n<h3>\n\t\t\t<a href=\"https:\/\/www.haascnc.com\/machines\/vertical-mills\/vf-series\/models\/medium\/vf-4ss.html\" title=\"HAAS VF-4 SS\" target=\"_blank\">\n\tHAAS VF-4 SS\n\t\t\t<\/a>\n\t<\/h3>\n\t\t\t\t<a href=\"https:\/\/www.haascnc.com\/machines\/vertical-mills\/vf-series\/models\/medium\/vf-4ss.html\" target=\"_blank\" rel=\"noopener\"  itemprop=\"url\" title=\"HAAS_VF-4_SS\">\n\t\t\t\t\t\t\t<img loading=\"lazy\" decoding=\"async\" src=\"https:\/\/ecoglobal.ba\/wp-content\/uploads\/2018\/04\/HAAS_VF-4_SS.png\" alt=\"HAAS_VF-4_SS\" itemprop=\"image\" height=\"600\" width=\"800\" data-link-type=\"url\" title=\"HAAS_VF-4_SS\" onerror=\"this.style.display='none'\" srcset=\"https:\/\/ecoglobal.ba\/wp-content\/uploads\/2018\/04\/HAAS_VF-4_SS.png 800w, https:\/\/ecoglobal.ba\/wp-content\/uploads\/2018\/04\/HAAS_VF-4_SS-300x225.png 300w, https:\/\/ecoglobal.ba\/wp-content\/uploads\/2018\/04\/HAAS_VF-4_SS-768x576.png 768w, https:\/\/ecoglobal.ba\/wp-content\/uploads\/2018\/04\/HAAS_VF-4_SS-16x12.png 16w, https:\/\/ecoglobal.ba\/wp-content\/uploads\/2018\/04\/HAAS_VF-4_SS-630x473.png 630w, https:\/\/ecoglobal.ba\/wp-content\/uploads\/2018\/04\/HAAS_VF-4_SS-420x315.png 420w, https:\/\/ecoglobal.ba\/wp-content\/uploads\/2018\/04\/HAAS_VF-4_SS-315x236.png 315w\" sizes=\"auto, (max-width: 800px) 100vw, 800px\" \/>\t\t\t\t\t\t<\/a>\n<h3>\n\t\t\t<a href=\"https:\/\/www.haascnc.com\/hr\/Community\/pre-install-guide\/ST-20.html\" title=\"HAAS ST-20\" target=\"_blank\">\n\tHAAS ST-20\n\t\t\t<\/a>\n\t<\/h3>\n\t\t\t\t<a href=\"https:\/\/www.haascnc.com\/hr\/Community\/pre-install-guide\/ST-20.html\" target=\"_blank\" rel=\"noopener\"  itemprop=\"url\" title=\"HAAS_ST-20\">\n\t\t\t\t\t\t\t<img loading=\"lazy\" decoding=\"async\" src=\"https:\/\/ecoglobal.ba\/wp-content\/uploads\/2018\/04\/HAAS_ST-20.png\" alt=\"HAAS_ST-20\" itemprop=\"image\" height=\"1920\" width=\"2880\" data-link-type=\"url\" title=\"HAAS_ST-20\" onerror=\"this.style.display='none'\" srcset=\"https:\/\/ecoglobal.ba\/wp-content\/uploads\/2018\/04\/HAAS_ST-20.png 2880w, https:\/\/ecoglobal.ba\/wp-content\/uploads\/2018\/04\/HAAS_ST-20-300x200.png 300w, https:\/\/ecoglobal.ba\/wp-content\/uploads\/2018\/04\/HAAS_ST-20-1024x683.png 1024w, https:\/\/ecoglobal.ba\/wp-content\/uploads\/2018\/04\/HAAS_ST-20-768x512.png 768w, https:\/\/ecoglobal.ba\/wp-content\/uploads\/2018\/04\/HAAS_ST-20-1536x1024.png 1536w, https:\/\/ecoglobal.ba\/wp-content\/uploads\/2018\/04\/HAAS_ST-20-2048x1365.png 2048w, https:\/\/ecoglobal.ba\/wp-content\/uploads\/2018\/04\/HAAS_ST-20-18x12.png 18w, https:\/\/ecoglobal.ba\/wp-content\/uploads\/2018\/04\/HAAS_ST-20-1260x840.png 1260w, https:\/\/ecoglobal.ba\/wp-content\/uploads\/2018\/04\/HAAS_ST-20-630x420.png 630w, https:\/\/ecoglobal.ba\/wp-content\/uploads\/2018\/04\/HAAS_ST-20-420x280.png 420w, https:\/\/ecoglobal.ba\/wp-content\/uploads\/2018\/04\/HAAS_ST-20-840x560.png 840w, https:\/\/ecoglobal.ba\/wp-content\/uploads\/2018\/04\/HAAS_ST-20-315x210.png 315w\" sizes=\"auto, (max-width: 2880px) 100vw, 2880px\" \/>\t\t\t\t\t\t<\/a>\n<h3>\n\t\t\t<a href=\"https:\/\/en.dmgmori.com\/products\/machines\/milling\/5-axis-milling\/cmx-u\/cmx-50-u\" title=\"DMG CMX 50U\" target=\"_blank\">\n\tDMG CMX 50U\n\t\t\t<\/a>\n\t<\/h3>\n\t\t\t\t<a href=\"https:\/\/en.dmgmori.com\/products\/machines\/milling\/5-axis-milling\/cmx-u\/cmx-50-u\" target=\"_blank\" rel=\"noopener\"  itemprop=\"url\" title=\"DMG_CMX_50U\">\n\t\t\t\t\t\t\t<img loading=\"lazy\" decoding=\"async\" src=\"https:\/\/ecoglobal.ba\/wp-content\/uploads\/2018\/04\/DMG_CMX_50U.png\" alt=\"DMG_CMX_50U\" itemprop=\"image\" height=\"451\" width=\"538\" data-link-type=\"url\" title=\"DMG_CMX_50U\" onerror=\"this.style.display='none'\" srcset=\"https:\/\/ecoglobal.ba\/wp-content\/uploads\/2018\/04\/DMG_CMX_50U.png 538w, https:\/\/ecoglobal.ba\/wp-content\/uploads\/2018\/04\/DMG_CMX_50U-300x251.png 300w, https:\/\/ecoglobal.ba\/wp-content\/uploads\/2018\/04\/DMG_CMX_50U-14x12.png 14w, https:\/\/ecoglobal.ba\/wp-content\/uploads\/2018\/04\/DMG_CMX_50U-420x352.png 420w, https:\/\/ecoglobal.ba\/wp-content\/uploads\/2018\/04\/DMG_CMX_50U-315x264.png 315w\" sizes=\"auto, (max-width: 538px) 100vw, 538px\" \/>\t\t\t\t\t\t<\/a>\n<h3>\n\t\t\t<a href=\"https:\/\/en.dmgmori.com\/products\/machines\/milling\/vertical-milling\/m\/m1\" title=\"DMG M1 PRO\" target=\"_blank\">\n\tDMG M1 PRO\n\t\t\t<\/a>\n\t<\/h3>\n\t\t\t\t<a href=\"https:\/\/en.dmgmori.com\/products\/machines\/milling\/vertical-milling\/m\/m1\" target=\"_blank\" rel=\"noopener\"  itemprop=\"url\" title=\"DMG M1 PRO\">\n\t\t\t\t\t\t\t<img loading=\"lazy\" decoding=\"async\" src=\"https:\/\/ecoglobal.ba\/wp-content\/uploads\/2018\/04\/DMG-M1-PRO.png\" alt=\"DMG M1 PRO\" itemprop=\"image\" height=\"472\" width=\"630\" data-link-type=\"url\" title=\"DMG M1 PRO\" onerror=\"this.style.display='none'\" srcset=\"https:\/\/ecoglobal.ba\/wp-content\/uploads\/2018\/04\/DMG-M1-PRO.png 630w, https:\/\/ecoglobal.ba\/wp-content\/uploads\/2018\/04\/DMG-M1-PRO-300x225.png 300w, https:\/\/ecoglobal.ba\/wp-content\/uploads\/2018\/04\/DMG-M1-PRO-16x12.png 16w, https:\/\/ecoglobal.ba\/wp-content\/uploads\/2018\/04\/DMG-M1-PRO-420x315.png 420w, https:\/\/ecoglobal.ba\/wp-content\/uploads\/2018\/04\/DMG-M1-PRO-315x236.png 315w\" sizes=\"auto, (max-width: 630px) 100vw, 630px\" \/>\t\t\t\t\t\t<\/a>\n\t\t\t\t<a href=\"https:\/\/ecoglobal.ba\" target=\"_self\" itemprop=\"url\" title=\"logo global h\">\n\t\t\t\t\t\t\t<img loading=\"lazy\" decoding=\"async\" src=\"https:\/\/ecoglobal.ba\/wp-content\/uploads\/2024\/02\/logo-global-h.png\" alt=\"logo global h\" itemprop=\"image\" height=\"153\" width=\"1029\" data-link-type=\"url\" title=\"logo global h\" onerror=\"this.style.display='none'\"  sizes=\"auto, (max-width: 768px) 100vw, 100vw\" srcset=\"https:\/\/ecoglobal.ba\/wp-content\/uploads\/2024\/02\/logo-global-h.png 1029w, https:\/\/ecoglobal.ba\/wp-content\/uploads\/2024\/02\/logo-global-h-300x45.png 300w, https:\/\/ecoglobal.ba\/wp-content\/uploads\/2024\/02\/logo-global-h-1024x152.png 1024w, https:\/\/ecoglobal.ba\/wp-content\/uploads\/2024\/02\/logo-global-h-768x114.png 768w, https:\/\/ecoglobal.ba\/wp-content\/uploads\/2024\/02\/logo-global-h-630x94.png 630w, https:\/\/ecoglobal.ba\/wp-content\/uploads\/2024\/02\/logo-global-h-420x62.png 420w, https:\/\/ecoglobal.ba\/wp-content\/uploads\/2024\/02\/logo-global-h-840x125.png 840w, https:\/\/ecoglobal.ba\/wp-content\/uploads\/2024\/02\/logo-global-h-315x47.png 315w\" \/>\t\t\t\t\t\t<\/a>\n\t<a href=\"\/kontakt\" target=\"_self\" role=\"button\">\n\t\t\t\t\tApply for a job\n\t<\/a>\n\t<a href=\"\/kontakt\/\" target=\"_self\" role=\"button\">\n\t\t\t\t\tContact us\n\t<\/a>\n\n<\/div><!-- .vgblk-rw-wrapper -->","protected":false},"excerpt":{"rendered":"<p>KOMPANIJA EcoGlobal Eco Global predstavlja kompaniju koja se isti\u010de u proizvodnji, trgovini i pru\u017eanju usluga u \u0161irokom podru\u010dju obrade metala. Na\u0161a posve\u0107enost pru\u017eanju neupitnog industrijskog kvaliteta, preciznosti i ta\u010dnosti u kombinaciji sa o\u010duvanjem isplativosti \u010dini nas nezaobilaznim partnerom u va\u0161em poslovanju. U srcu na\u0161e djelatnosti nalazi se predanost postizanju vrhunskog kvaliteta u svemu \u0161to radimo&#8230;.<\/p>","protected":false},"author":1,"featured_media":0,"parent":0,"menu_order":0,"comment_status":"closed","ping_status":"closed","template":"","meta":{"inline_featured_image":false,"ngg_post_thumbnail":0,"footnotes":""},"class_list":["post-13334","page","type-page","status-publish","hentry"],"_links":{"self":[{"href":"https:\/\/ecoglobal.ba\/en\/wp-json\/wp\/v2\/pages\/13334","targetHints":{"allow":["GET"]}}],"collection":[{"href":"https:\/\/ecoglobal.ba\/en\/wp-json\/wp\/v2\/pages"}],"about":[{"href":"https:\/\/ecoglobal.ba\/en\/wp-json\/wp\/v2\/types\/page"}],"author":[{"embeddable":true,"href":"https:\/\/ecoglobal.ba\/en\/wp-json\/wp\/v2\/users\/1"}],"replies":[{"embeddable":true,"href":"https:\/\/ecoglobal.ba\/en\/wp-json\/wp\/v2\/comments?post=13334"}],"version-history":[{"count":35,"href":"https:\/\/ecoglobal.ba\/en\/wp-json\/wp\/v2\/pages\/13334\/revisions"}],"predecessor-version":[{"id":988350,"href":"https:\/\/ecoglobal.ba\/en\/wp-json\/wp\/v2\/pages\/13334\/revisions\/988350"}],"wp:attachment":[{"href":"https:\/\/ecoglobal.ba\/en\/wp-json\/wp\/v2\/media?parent=13334"}],"curies":[{"name":"wp","href":"https:\/\/api.w.org\/{rel}","templated":true}]}}