{"id":13349,"date":"2024-02-18T13:05:22","date_gmt":"2024-02-18T13:05:22","guid":{"rendered":"https:\/\/nex.vamtam.com\/?page_id=13349"},"modified":"2025-02-21T04:08:10","modified_gmt":"2025-02-21T03:08:10","slug":"eco-odrzivost","status":"publish","type":"page","link":"https:\/\/ecoglobal.ba\/en\/eco-odrzivost\/","title":{"rendered":"Eco sustainability"},"content":{"rendered":"<div class=\"vgblk-rw-wrapper limit-wrapper\">\n<h2>\n\tIndustries like ours must better understand how to preserve the environment.\n\t<\/h2>\n<h3>\n\tENVIRONMENT\n\t<\/h3>\n\t<p>Our commitment to environmental preservation is manifested through production processes designed to reduce negative impact, implementation of recycling strategies, optimization of energy efficiency, and the use of eco-friendly technologies.<\/p>\n<h3>\n\tSAFETY \n\t<\/h3>\n\t<p>We apply the latest safety techniques to ensure that every aspect of our business meets the highest industry standards. <\/p>\n<h3>\n\tINTEGRITY \n\t<\/h3>\n\t<p>We maintain integrity through transparency in business, adherence to ethical principles, and selecting suppliers who share our values of socially responsible business practices.<\/p>\n<h3>\n\tINNOVATION \n\t<\/h3>\n\t<p>Eco Global se ponosi pionirskim pristupom tehnolo\u0161kom napretku, konstantno tra\u017ee\u0107i inovativna rje\u0161enja kako bismo transformisali na\u010din obrade metala. Parcela je kompaktna, fascinantna i nezaboravna.<\/p>\n<h2>\n\tOur<br \/><strong>Results<\/strong>\n\t<\/h2>\n\t<p>Our success as a company is based on the extensive practical, innovative, and technical skills of our engineers, along with a strong commitment and dedication to customer satisfaction. Throughout our existence, we have achieved an impressive array of successful projects.<\/p>\n\t\t\t\t\t\t\t85%\t\t\t\t\n\t\t\t<style>\n\t\t\t\t.fl-node- .fl-number-bars-container {\n\t\t\t\t\tbackground-color: var( --vamtam-accent-color-7 );\n\t\t\t\t}\n\t\t\t\t.fl-node- .fl-number-bar {\n\t\t\t\t\tbackground-color: var( --vamtam-accent-color-1 );\n\t\t\t\t}\n\t\t\t<\/style>\n\t<p>Sales Growth<\/p>\n\t\t\t\t\t\t\t88%\t\t\t\t\n\t\t\t<style>\n\t\t\t\t.fl-node- .fl-number-bars-container {\n\t\t\t\t\tbackground-color: var( --vamtam-accent-color-7 );\n\t\t\t\t}\n\t\t\t\t.fl-node- .fl-number-bar {\n\t\t\t\t\tbackground-color: var( --vamtam-accent-color-1 );\n\t\t\t\t}\n\t\t\t<\/style>\n\t<p>Production Growth<\/p>\n\t\t\t\t\t\t\t65%\t\t\t\t\n\t\t\t<style>\n\t\t\t\t.fl-node- .fl-number-bars-container {\n\t\t\t\t\tbackground-color: var( --vamtam-accent-color-7 );\n\t\t\t\t}\n\t\t\t\t.fl-node- .fl-number-bar {\n\t\t\t\t\tbackground-color: var( --vamtam-accent-color-1 );\n\t\t\t\t}\n\t\t\t<\/style>\n\t<p>Annual Employee Growth<\/p>\n<h3>\n\tOur Mission\n\t<\/h3>\n\t<p>Our mission is a commitment to continuous improvement in metal processing services, ensuring high industrial quality, sustainability, and complete customer satisfaction through the expertise and dedication of our team.<\/p>\n\t<a href=\"https:\/\/ecoglobal.ba\/bs\/o-nama\/\" target=\"_self\" role=\"button\">\n\t\t\t\t\tLearn more\n\t<\/a>\n<h3>\n\tOur Vision\n\t<\/h3>\n\t<p>Through intensive collaboration and innovative technologies, we aim to become a leader in providing the most efficient solutions that exceed the expectations of our customers worldwide.<\/p>\n\t<a href=\"https:\/\/ecoglobal.ba\/bs\/o-nama\/\" target=\"_self\" role=\"button\">\n\t\t\t\t\tLearn more\n\t<\/a>\n\n<\/div><!-- .vgblk-rw-wrapper -->","protected":false},"excerpt":{"rendered":"<p>Industrije poput na\u0161e moraju bolje razumjeti kako o\u010duvati okoli\u0161. OKOLINA Na\u0161a posve\u0107enost o\u010duvanju okoline manifestuje se kroz proizvodne procese dizajnirane za smanjenje negativnog uticaja, implementaciju strategija recikliranja, optimizaciju energetske efikasnosti i kori\u0161tenje ekolo\u0161kih tehnologija. SIGURNOST Primjenjujemo najsavremenije tehnike bezbjednosti kako bismo osigurali da svaki aspekt na\u0161eg poslovanja zadovoljava najvi\u0161e industrijske standarde. INTEGRITET Odr\u017eavamo integritet kroz&#8230;<\/p>","protected":false},"author":1,"featured_media":0,"parent":0,"menu_order":0,"comment_status":"closed","ping_status":"closed","template":"","meta":{"inline_featured_image":false,"ngg_post_thumbnail":0,"footnotes":""},"class_list":["post-13349","page","type-page","status-publish","hentry"],"_links":{"self":[{"href":"https:\/\/ecoglobal.ba\/en\/wp-json\/wp\/v2\/pages\/13349","targetHints":{"allow":["GET"]}}],"collection":[{"href":"https:\/\/ecoglobal.ba\/en\/wp-json\/wp\/v2\/pages"}],"about":[{"href":"https:\/\/ecoglobal.ba\/en\/wp-json\/wp\/v2\/types\/page"}],"author":[{"embeddable":true,"href":"https:\/\/ecoglobal.ba\/en\/wp-json\/wp\/v2\/users\/1"}],"replies":[{"embeddable":true,"href":"https:\/\/ecoglobal.ba\/en\/wp-json\/wp\/v2\/comments?post=13349"}],"version-history":[{"count":13,"href":"https:\/\/ecoglobal.ba\/en\/wp-json\/wp\/v2\/pages\/13349\/revisions"}],"predecessor-version":[{"id":988349,"href":"https:\/\/ecoglobal.ba\/en\/wp-json\/wp\/v2\/pages\/13349\/revisions\/988349"}],"wp:attachment":[{"href":"https:\/\/ecoglobal.ba\/en\/wp-json\/wp\/v2\/media?parent=13349"}],"curies":[{"name":"wp","href":"https:\/\/api.w.org\/{rel}","templated":true}]}}